{"id":405,"date":"2022-04-24T08:10:23","date_gmt":"2022-04-24T06:10:23","guid":{"rendered":"https:\/\/tendalsjborras.com\/empresa\/"},"modified":"2024-03-21T23:08:27","modified_gmt":"2024-03-21T22:08:27","slug":"empresa","status":"publish","type":"page","link":"https:\/\/tendalsjborras.com\/ca\/empresa\/","title":{"rendered":"Empresa"},"content":{"rendered":"\t\t<div data-elementor-type=\"wp-page\" data-elementor-id=\"405\" class=\"elementor elementor-405 elementor-208\" data-elementor-settings=\"{&quot;ha_cmc_init_switcher&quot;:&quot;no&quot;}\">\n\t\t\t\t\t\t<section class=\"elementor-section elementor-top-section elementor-element elementor-element-541c5e7 elementor-section-boxed elementor-section-height-default elementor-section-height-default\" data-id=\"541c5e7\" data-element_type=\"section\" data-e-type=\"section\" data-settings=\"{&quot;background_background&quot;:&quot;classic&quot;,&quot;_ha_eqh_enable&quot;:false}\">\n\t\t\t\t\t\t\t<div class=\"elementor-background-overlay\"><\/div>\n\t\t\t\t\t\t\t<div class=\"elementor-container elementor-column-gap-default\">\n\t\t\t\t\t<div class=\"elementor-column elementor-col-100 elementor-top-column elementor-element elementor-element-7012985\" data-id=\"7012985\" data-element_type=\"column\" data-e-type=\"column\">\n\t\t\t<div class=\"elementor-widget-wrap elementor-element-populated\">\n\t\t\t\t\t\t<div class=\"elementor-element elementor-element-7d88d25 elementor-widget elementor-widget-heading\" data-id=\"7d88d25\" data-element_type=\"widget\" data-e-type=\"widget\" data-widget_type=\"heading.default\">\n\t\t\t\t<div class=\"elementor-widget-container\">\n\t\t\t\t\t<h1 class=\"elementor-heading-title elementor-size-default\">Empresa<\/h1>\t\t\t\t<\/div>\n\t\t\t\t<\/div>\n\t\t\t\t\t<\/div>\n\t\t<\/div>\n\t\t\t\t\t<\/div>\n\t\t<\/section>\n\t\t\t\t<section class=\"elementor-section elementor-top-section elementor-element elementor-element-9e39c4d elementor-section-boxed elementor-section-height-default elementor-section-height-default\" data-id=\"9e39c4d\" data-element_type=\"section\" data-e-type=\"section\" data-settings=\"{&quot;_ha_eqh_enable&quot;:false}\">\n\t\t\t\t\t\t<div class=\"elementor-container elementor-column-gap-default\">\n\t\t\t\t\t<div class=\"elementor-column elementor-col-100 elementor-top-column elementor-element elementor-element-928ffbf\" data-id=\"928ffbf\" data-element_type=\"column\" data-e-type=\"column\">\n\t\t\t<div class=\"elementor-widget-wrap elementor-element-populated\">\n\t\t\t\t\t\t<div class=\"elementor-element elementor-element-dc86786 elementor-widget elementor-widget-text-editor\" data-id=\"dc86786\" data-element_type=\"widget\" data-e-type=\"widget\" data-widget_type=\"text-editor.default\">\n\t\t\t\t<div class=\"elementor-widget-container\">\n\t\t\t\t\t\t\t\t\t<p><strong>Tendals J.Borras <\/strong>som una empresa artesanal dedicada a la protecci\u00f3 solar. Oferim solucions tant per als espais exteriors com per als interiors.<\/p>\n<p>Som un grup hum\u00e0 format per gent seriosa i professional. El nostre repte \u00e9s la satisfacci\u00f3 del client, i les nostres eines s\u00f3n l\u2019experi\u00e8ncia i les ganes de treballar b\u00e9.<\/p>\n<p>Treballem dia a dia per a seguir estan en l\u2019avantguarda del nostre sector. En cada instal\u00b7laci\u00f3 cerquen la millor soluci\u00f3 per a cada client, amb productes de m\u00e0xima qualitat, primeres marques, els darrers aven\u00e7os tecnol\u00f2gics i les certificacions t\u00e8cniques m\u00e9s exigents.<\/p>\n\t\t\t\t\t\t\t\t<\/div>\n\t\t\t\t<\/div>\n\t\t\t\t\t<\/div>\n\t\t<\/div>\n\t\t\t\t\t<\/div>\n\t\t<\/section>\n\t\t\t\t<section class=\"elementor-section elementor-top-section elementor-element elementor-element-3d18e83 elementor-section-boxed elementor-section-height-default elementor-section-height-default\" data-id=\"3d18e83\" data-element_type=\"section\" data-e-type=\"section\" data-settings=\"{&quot;_ha_eqh_enable&quot;:false}\">\n\t\t\t\t\t\t<div class=\"elementor-container elementor-column-gap-default\">\n\t\t\t\t\t<div class=\"elementor-column elementor-col-33 elementor-top-column elementor-element elementor-element-fb75f54\" data-id=\"fb75f54\" data-element_type=\"column\" data-e-type=\"column\">\n\t\t\t<div class=\"elementor-widget-wrap elementor-element-populated\">\n\t\t\t\t\t\t<div class=\"elementor-element elementor-element-b265fec elementor-view-framed elementor-shape-circle elementor-position-block-start elementor-mobile-position-block-start elementor-widget elementor-widget-icon-box\" data-id=\"b265fec\" data-element_type=\"widget\" data-e-type=\"widget\" data-widget_type=\"icon-box.default\">\n\t\t\t\t<div class=\"elementor-widget-container\">\n\t\t\t\t\t\t\t<div class=\"elementor-icon-box-wrapper\">\n\n\t\t\t\t\t\t<div class=\"elementor-icon-box-icon\">\n\t\t\t\t<span  class=\"elementor-icon elementor-animation-shrink\">\n\t\t\t\t<i aria-hidden=\"true\" class=\"hm hm-office-file\"><\/i>\t\t\t\t<\/span>\n\t\t\t<\/div>\n\t\t\t\n\t\t\t\t\t\t<div class=\"elementor-icon-box-content\">\n\n\t\t\t\t\t\t\t\t\t<h3 class=\"elementor-icon-box-title\">\n\t\t\t\t\t\t<span  >\n\t\t\t\t\t\t\tGRAN EXPERI\u00c8NCIA\t\t\t\t\t\t<\/span>\n\t\t\t\t\t<\/h3>\n\t\t\t\t\n\t\t\t\t\t\t\t\t\t<p class=\"elementor-icon-box-description\">\n\t\t\t\t\t\tAnys d\u2019experi\u00e8ncia en el sector oferint des de sempre un servei i producte de la m\u00e9s alta qualitat.\t\t\t\t\t<\/p>\n\t\t\t\t\n\t\t\t<\/div>\n\t\t\t\n\t\t<\/div>\n\t\t\t\t\t\t<\/div>\n\t\t\t\t<\/div>\n\t\t\t\t\t<\/div>\n\t\t<\/div>\n\t\t\t\t<div class=\"elementor-column elementor-col-33 elementor-top-column elementor-element elementor-element-f04d848\" data-id=\"f04d848\" data-element_type=\"column\" data-e-type=\"column\">\n\t\t\t<div class=\"elementor-widget-wrap elementor-element-populated\">\n\t\t\t\t\t\t<div class=\"elementor-element elementor-element-67a683f elementor-view-framed elementor-shape-circle elementor-position-block-start elementor-mobile-position-block-start elementor-widget elementor-widget-icon-box\" data-id=\"67a683f\" data-element_type=\"widget\" data-e-type=\"widget\" data-widget_type=\"icon-box.default\">\n\t\t\t\t<div class=\"elementor-widget-container\">\n\t\t\t\t\t\t\t<div class=\"elementor-icon-box-wrapper\">\n\n\t\t\t\t\t\t<div class=\"elementor-icon-box-icon\">\n\t\t\t\t<span  class=\"elementor-icon elementor-animation-shrink\">\n\t\t\t\t<i aria-hidden=\"true\" class=\"hm hm-globe2\"><\/i>\t\t\t\t<\/span>\n\t\t\t<\/div>\n\t\t\t\n\t\t\t\t\t\t<div class=\"elementor-icon-box-content\">\n\n\t\t\t\t\t\t\t\t\t<h3 class=\"elementor-icon-box-title\">\n\t\t\t\t\t\t<span  >\n\t\t\t\t\t\t\tDESENVOLUPAMENT I NOVES TECNOLOGIES\t\t\t\t\t\t<\/span>\n\t\t\t\t\t<\/h3>\n\t\t\t\t\n\t\t\t\t\t\t\t\t\t<p class=\"elementor-icon-box-description\">\n\t\t\t\t\t\tSempre fem servir l\u2019\u00faltim en noves tecnologies.\t\t\t\t\t<\/p>\n\t\t\t\t\n\t\t\t<\/div>\n\t\t\t\n\t\t<\/div>\n\t\t\t\t\t\t<\/div>\n\t\t\t\t<\/div>\n\t\t\t\t\t<\/div>\n\t\t<\/div>\n\t\t\t\t<div class=\"elementor-column elementor-col-33 elementor-top-column elementor-element elementor-element-5eea8b7\" data-id=\"5eea8b7\" data-element_type=\"column\" data-e-type=\"column\">\n\t\t\t<div class=\"elementor-widget-wrap elementor-element-populated\">\n\t\t\t\t\t\t<div class=\"elementor-element elementor-element-4dea6ec elementor-view-framed elementor-shape-circle elementor-position-block-start elementor-mobile-position-block-start elementor-widget elementor-widget-icon-box\" data-id=\"4dea6ec\" data-element_type=\"widget\" data-e-type=\"widget\" data-widget_type=\"icon-box.default\">\n\t\t\t\t<div class=\"elementor-widget-container\">\n\t\t\t\t\t\t\t<div class=\"elementor-icon-box-wrapper\">\n\n\t\t\t\t\t\t<div class=\"elementor-icon-box-icon\">\n\t\t\t\t<span  class=\"elementor-icon elementor-animation-shrink\">\n\t\t\t\t<i aria-hidden=\"true\" class=\"hm hm-tick-circle\"><\/i>\t\t\t\t<\/span>\n\t\t\t<\/div>\n\t\t\t\n\t\t\t\t\t\t<div class=\"elementor-icon-box-content\">\n\n\t\t\t\t\t\t\t\t\t<h3 class=\"elementor-icon-box-title\">\n\t\t\t\t\t\t<span  >\n\t\t\t\t\t\t\tALTA QUALITAT\t\t\t\t\t\t<\/span>\n\t\t\t\t\t<\/h3>\n\t\t\t\t\n\t\t\t\t\t\t\t\t\t<p class=\"elementor-icon-box-description\">\n\t\t\t\t\t\tAlta qualitat en tota la nostra \u00e0mplia gamma de productes.\t\t\t\t\t<\/p>\n\t\t\t\t\n\t\t\t<\/div>\n\t\t\t\n\t\t<\/div>\n\t\t\t\t\t\t<\/div>\n\t\t\t\t<\/div>\n\t\t\t\t\t<\/div>\n\t\t<\/div>\n\t\t\t\t\t<\/div>\n\t\t<\/section>\n\t\t\t\t<section class=\"elementor-section elementor-top-section elementor-element elementor-element-d31b022 elementor-section-boxed elementor-section-height-default elementor-section-height-default\" data-id=\"d31b022\" data-element_type=\"section\" data-e-type=\"section\" data-settings=\"{&quot;background_background&quot;:&quot;classic&quot;,&quot;_ha_eqh_enable&quot;:false}\">\n\t\t\t\t\t\t<div class=\"elementor-container elementor-column-gap-default\">\n\t\t\t\t\t<div class=\"elementor-column elementor-col-100 elementor-top-column elementor-element elementor-element-edaee8d\" data-id=\"edaee8d\" data-element_type=\"column\" data-e-type=\"column\">\n\t\t\t<div class=\"elementor-widget-wrap elementor-element-populated\">\n\t\t\t\t\t\t<div class=\"elementor-element elementor-element-3f00036 elementor-widget elementor-widget-heading\" data-id=\"3f00036\" data-element_type=\"widget\" data-e-type=\"widget\" data-widget_type=\"heading.default\">\n\t\t\t\t<div class=\"elementor-widget-container\">\n\t\t\t\t\t<h2 class=\"elementor-heading-title elementor-size-default\">TREBALLA AMB NOSALTRES<\/h2>\t\t\t\t<\/div>\n\t\t\t\t<\/div>\n\t\t\t\t<div class=\"elementor-element elementor-element-9ce2b79 elementor-widget elementor-widget-text-editor\" data-id=\"9ce2b79\" data-element_type=\"widget\" data-e-type=\"widget\" data-widget_type=\"text-editor.default\">\n\t\t\t\t<div class=\"elementor-widget-container\">\n\t\t\t\t\t\t\t\t\t<p>Estem buscant persones majors de 30 anys que vulguin treballar a Tendals J.Borras.<\/p>\n<p>Suma&#8217;t al nostre equip!<\/p>\n\t\t\t\t\t\t\t\t<\/div>\n\t\t\t\t<\/div>\n\t\t\t\t<div class=\"elementor-element elementor-element-a3fcd5e elementor-align-center elementor-mobile-align-center elementor-widget elementor-widget-button\" data-id=\"a3fcd5e\" data-element_type=\"widget\" data-e-type=\"widget\" data-widget_type=\"button.default\">\n\t\t\t\t<div class=\"elementor-widget-container\">\n\t\t\t\t\t\t\t\t\t<div class=\"elementor-button-wrapper\">\n\t\t\t\t\t<a class=\"elementor-button elementor-button-link elementor-size-lg\" href=\"https:\/\/tendalsjborras.com\/ca\/contacte\/\">\n\t\t\t\t\t\t<span class=\"elementor-button-content-wrapper\">\n\t\t\t\t\t\t\t\t\t<span class=\"elementor-button-text\">Contacta amb nosaltres<\/span>\n\t\t\t\t\t<\/span>\n\t\t\t\t\t<\/a>\n\t\t\t\t<\/div>\n\t\t\t\t\t\t\t\t<\/div>\n\t\t\t\t<\/div>\n\t\t\t\t<div class=\"elementor-element elementor-element-6bcd628 elementor-widget elementor-widget-spacer\" data-id=\"6bcd628\" data-element_type=\"widget\" data-e-type=\"widget\" data-widget_type=\"spacer.default\">\n\t\t\t\t<div class=\"elementor-widget-container\">\n\t\t\t\t\t\t\t<div class=\"elementor-spacer\">\n\t\t\t<div class=\"elementor-spacer-inner\"><\/div>\n\t\t<\/div>\n\t\t\t\t\t\t<\/div>\n\t\t\t\t<\/div>\n\t\t\t\t<div class=\"elementor-element elementor-element-45a3bc4 elementor-widget elementor-widget-text-editor\" data-id=\"45a3bc4\" data-element_type=\"widget\" data-e-type=\"widget\" data-widget_type=\"text-editor.default\">\n\t\t\t\t<div class=\"elementor-widget-container\">\n\t\t\t\t\t\t\t\t\t<p>&#8220;Aquesta actuaci\u00f3 est\u00e0 impulsada i subvencionada pel Servei P\u00fablic d&#8217;Ocupaci\u00f3 de Catalunya i finan\u00e7ada al 100% pel Fons Social Europeu com a part de la resposta de la Uni\u00f3 Europea a la pand\u00e8mia de COVID-19&#8221;<\/p>\n\t\t\t\t\t\t\t\t<\/div>\n\t\t\t\t<\/div>\n\t\t\t\t\t<\/div>\n\t\t<\/div>\n\t\t\t\t\t<\/div>\n\t\t<\/section>\n\t\t\t\t<\/div>\n\t\t","protected":false},"excerpt":{"rendered":"<p>Empresa Tendals J.Borras som una empresa artesanal dedicada a la protecci\u00f3 solar. Oferim solucions tant per als espais exteriors com per als interiors. Som un grup hum\u00e0 format per gent seriosa i professional. El nostre repte \u00e9s la satisfacci\u00f3 del client, i les nostres eines s\u00f3n l\u2019experi\u00e8ncia i les ganes de treballar b\u00e9. Treballem dia [&hellip;]<\/p>\n","protected":false},"author":1,"featured_media":0,"parent":0,"menu_order":0,"comment_status":"closed","ping_status":"closed","template":"","meta":{"_uf_show_specific_survey":0,"_uf_disable_surveys":false,"site-sidebar-layout":"no-sidebar","site-content-layout":"page-builder","ast-site-content-layout":"default","site-content-style":"default","site-sidebar-style":"default","ast-global-header-display":"","ast-banner-title-visibility":"","ast-main-header-display":"","ast-hfb-above-header-display":"","ast-hfb-below-header-display":"","ast-hfb-mobile-header-display":"","site-post-title":"disabled","ast-breadcrumbs-content":"","ast-featured-img":"disabled","footer-sml-layout":"","ast-disable-related-posts":"","theme-transparent-header-meta":"","adv-header-id-meta":"","stick-header-meta":"","header-above-stick-meta":"","header-main-stick-meta":"","header-below-stick-meta":"","astra-migrate-meta-layouts":"default","ast-page-background-enabled":"default","ast-page-background-meta":{"desktop":{"background-color":"","background-image":"","background-repeat":"repeat","background-position":"center center","background-size":"auto","background-attachment":"scroll","background-type":"","background-media":"","overlay-type":"","overlay-color":"","overlay-opacity":"","overlay-gradient":""},"tablet":{"background-color":"","background-image":"","background-repeat":"repeat","background-position":"center center","background-size":"auto","background-attachment":"scroll","background-type":"","background-media":"","overlay-type":"","overlay-color":"","overlay-opacity":"","overlay-gradient":""},"mobile":{"background-color":"","background-image":"","background-repeat":"repeat","background-position":"center center","background-size":"auto","background-attachment":"scroll","background-type":"","background-media":"","overlay-type":"","overlay-color":"","overlay-opacity":"","overlay-gradient":""}},"ast-content-background-meta":{"desktop":{"background-color":"var(--ast-global-color-5)","background-image":"","background-repeat":"repeat","background-position":"center center","background-size":"auto","background-attachment":"scroll","background-type":"","background-media":"","overlay-type":"","overlay-color":"","overlay-opacity":"","overlay-gradient":""},"tablet":{"background-color":"var(--ast-global-color-5)","background-image":"","background-repeat":"repeat","background-position":"center center","background-size":"auto","background-attachment":"scroll","background-type":"","background-media":"","overlay-type":"","overlay-color":"","overlay-opacity":"","overlay-gradient":""},"mobile":{"background-color":"var(--ast-global-color-5)","background-image":"","background-repeat":"repeat","background-position":"center center","background-size":"auto","background-attachment":"scroll","background-type":"","background-media":"","overlay-type":"","overlay-color":"","overlay-opacity":"","overlay-gradient":""}},"footnotes":""},"class_list":["post-405","page","type-page","status-publish","hentry"],"yoast_head":"<!-- This site is optimized with the Yoast SEO plugin v27.2 - https:\/\/yoast.com\/product\/yoast-seo-wordpress\/ -->\n<title>Empresa - Tendals J.Borras<\/title>\n<meta name=\"description\" content=\"Grup hum\u00e0 format per gent seriosa i professional. El nostre repte \u00e9s la satisfacci\u00f3 del client i la nostra eina lexperi\u00e8ncia.\" \/>\n<meta name=\"robots\" content=\"index, follow, max-snippet:-1, max-image-preview:large, max-video-preview:-1\" \/>\n<link rel=\"canonical\" href=\"https:\/\/tendalsjborras.com\/ca\/empresa\/\" \/>\n<meta property=\"og:locale\" content=\"ca_ES\" \/>\n<meta property=\"og:type\" content=\"article\" \/>\n<meta property=\"og:title\" content=\"Empresa - Tendals J.Borras\" \/>\n<meta property=\"og:description\" content=\"Grup hum\u00e0 format per gent seriosa i professional. El nostre repte \u00e9s la satisfacci\u00f3 del client i la nostra eina lexperi\u00e8ncia.\" \/>\n<meta property=\"og:url\" content=\"https:\/\/tendalsjborras.com\/ca\/empresa\/\" \/>\n<meta property=\"og:site_name\" content=\"Tendals J.Borras\" \/>\n<meta property=\"article:publisher\" content=\"https:\/\/www.facebook.com\/TendalsJBorras\/\" \/>\n<meta property=\"article:modified_time\" content=\"2024-03-21T22:08:27+00:00\" \/>\n<meta name=\"twitter:card\" content=\"summary_large_image\" \/>\n<meta name=\"twitter:label1\" content=\"Temps estimat de lectura\" \/>\n\t<meta name=\"twitter:data1\" content=\"1 minut\" \/>\n<script type=\"application\/ld+json\" class=\"yoast-schema-graph\">{\"@context\":\"https:\/\/schema.org\",\"@graph\":[{\"@type\":\"WebPage\",\"@id\":\"https:\/\/tendalsjborras.com\/ca\/empresa\/\",\"url\":\"https:\/\/tendalsjborras.com\/ca\/empresa\/\",\"name\":\"Empresa - Tendals J.Borras\",\"isPartOf\":{\"@id\":\"https:\/\/tendalsjborras.com\/ca\/#website\"},\"datePublished\":\"2022-04-24T06:10:23+00:00\",\"dateModified\":\"2024-03-21T22:08:27+00:00\",\"description\":\"Grup hum\u00e0 format per gent seriosa i professional. El nostre repte \u00e9s la satisfacci\u00f3 del client i la nostra eina lexperi\u00e8ncia.\",\"breadcrumb\":{\"@id\":\"https:\/\/tendalsjborras.com\/ca\/empresa\/#breadcrumb\"},\"inLanguage\":\"ca\",\"potentialAction\":[{\"@type\":\"ReadAction\",\"target\":[\"https:\/\/tendalsjborras.com\/ca\/empresa\/\"]}]},{\"@type\":\"BreadcrumbList\",\"@id\":\"https:\/\/tendalsjborras.com\/ca\/empresa\/#breadcrumb\",\"itemListElement\":[{\"@type\":\"ListItem\",\"position\":1,\"name\":\"Portada\",\"item\":\"https:\/\/tendalsjborras.com\/ca\/\"},{\"@type\":\"ListItem\",\"position\":2,\"name\":\"Empresa\"}]},{\"@type\":\"WebSite\",\"@id\":\"https:\/\/tendalsjborras.com\/ca\/#website\",\"url\":\"https:\/\/tendalsjborras.com\/ca\/\",\"name\":\"Tendals J.Borras\",\"description\":\"Tendals, p\u00e8rgoles i veles a Tarragona\",\"publisher\":{\"@id\":\"https:\/\/tendalsjborras.com\/ca\/#organization\"},\"potentialAction\":[{\"@type\":\"SearchAction\",\"target\":{\"@type\":\"EntryPoint\",\"urlTemplate\":\"https:\/\/tendalsjborras.com\/ca\/?s={search_term_string}\"},\"query-input\":{\"@type\":\"PropertyValueSpecification\",\"valueRequired\":true,\"valueName\":\"search_term_string\"}}],\"inLanguage\":\"ca\"},{\"@type\":\"Organization\",\"@id\":\"https:\/\/tendalsjborras.com\/ca\/#organization\",\"name\":\"Tendals J.Borras\",\"url\":\"https:\/\/tendalsjborras.com\/ca\/\",\"logo\":{\"@type\":\"ImageObject\",\"inLanguage\":\"ca\",\"@id\":\"https:\/\/tendalsjborras.com\/ca\/#\/schema\/logo\/image\/\",\"url\":\"https:\/\/tendalsjborras.com\/wp-content\/uploads\/2021\/12\/logo-tendalsjborras.png\",\"contentUrl\":\"https:\/\/tendalsjborras.com\/wp-content\/uploads\/2021\/12\/logo-tendalsjborras.png\",\"width\":422,\"height\":230,\"caption\":\"Tendals J.Borras\"},\"image\":{\"@id\":\"https:\/\/tendalsjborras.com\/ca\/#\/schema\/logo\/image\/\"},\"sameAs\":[\"https:\/\/www.facebook.com\/TendalsJBorras\/\",\"https:\/\/www.instagram.com\/tendalsjborras\/\"]}]}<\/script>\n<!-- \/ Yoast SEO plugin. -->","yoast_head_json":{"title":"Empresa - Tendals J.Borras","description":"Grup hum\u00e0 format per gent seriosa i professional. El nostre repte \u00e9s la satisfacci\u00f3 del client i la nostra eina lexperi\u00e8ncia.","robots":{"index":"index","follow":"follow","max-snippet":"max-snippet:-1","max-image-preview":"max-image-preview:large","max-video-preview":"max-video-preview:-1"},"canonical":"https:\/\/tendalsjborras.com\/ca\/empresa\/","og_locale":"ca_ES","og_type":"article","og_title":"Empresa - Tendals J.Borras","og_description":"Grup hum\u00e0 format per gent seriosa i professional. El nostre repte \u00e9s la satisfacci\u00f3 del client i la nostra eina lexperi\u00e8ncia.","og_url":"https:\/\/tendalsjborras.com\/ca\/empresa\/","og_site_name":"Tendals J.Borras","article_publisher":"https:\/\/www.facebook.com\/TendalsJBorras\/","article_modified_time":"2024-03-21T22:08:27+00:00","twitter_card":"summary_large_image","twitter_misc":{"Temps estimat de lectura":"1 minut"},"schema":{"@context":"https:\/\/schema.org","@graph":[{"@type":"WebPage","@id":"https:\/\/tendalsjborras.com\/ca\/empresa\/","url":"https:\/\/tendalsjborras.com\/ca\/empresa\/","name":"Empresa - Tendals J.Borras","isPartOf":{"@id":"https:\/\/tendalsjborras.com\/ca\/#website"},"datePublished":"2022-04-24T06:10:23+00:00","dateModified":"2024-03-21T22:08:27+00:00","description":"Grup hum\u00e0 format per gent seriosa i professional. El nostre repte \u00e9s la satisfacci\u00f3 del client i la nostra eina lexperi\u00e8ncia.","breadcrumb":{"@id":"https:\/\/tendalsjborras.com\/ca\/empresa\/#breadcrumb"},"inLanguage":"ca","potentialAction":[{"@type":"ReadAction","target":["https:\/\/tendalsjborras.com\/ca\/empresa\/"]}]},{"@type":"BreadcrumbList","@id":"https:\/\/tendalsjborras.com\/ca\/empresa\/#breadcrumb","itemListElement":[{"@type":"ListItem","position":1,"name":"Portada","item":"https:\/\/tendalsjborras.com\/ca\/"},{"@type":"ListItem","position":2,"name":"Empresa"}]},{"@type":"WebSite","@id":"https:\/\/tendalsjborras.com\/ca\/#website","url":"https:\/\/tendalsjborras.com\/ca\/","name":"Tendals J.Borras","description":"Tendals, p\u00e8rgoles i veles a Tarragona","publisher":{"@id":"https:\/\/tendalsjborras.com\/ca\/#organization"},"potentialAction":[{"@type":"SearchAction","target":{"@type":"EntryPoint","urlTemplate":"https:\/\/tendalsjborras.com\/ca\/?s={search_term_string}"},"query-input":{"@type":"PropertyValueSpecification","valueRequired":true,"valueName":"search_term_string"}}],"inLanguage":"ca"},{"@type":"Organization","@id":"https:\/\/tendalsjborras.com\/ca\/#organization","name":"Tendals J.Borras","url":"https:\/\/tendalsjborras.com\/ca\/","logo":{"@type":"ImageObject","inLanguage":"ca","@id":"https:\/\/tendalsjborras.com\/ca\/#\/schema\/logo\/image\/","url":"https:\/\/tendalsjborras.com\/wp-content\/uploads\/2021\/12\/logo-tendalsjborras.png","contentUrl":"https:\/\/tendalsjborras.com\/wp-content\/uploads\/2021\/12\/logo-tendalsjborras.png","width":422,"height":230,"caption":"Tendals J.Borras"},"image":{"@id":"https:\/\/tendalsjborras.com\/ca\/#\/schema\/logo\/image\/"},"sameAs":["https:\/\/www.facebook.com\/TendalsJBorras\/","https:\/\/www.instagram.com\/tendalsjborras\/"]}]}},"_links":{"self":[{"href":"https:\/\/tendalsjborras.com\/ca\/wp-json\/wp\/v2\/pages\/405","targetHints":{"allow":["GET"]}}],"collection":[{"href":"https:\/\/tendalsjborras.com\/ca\/wp-json\/wp\/v2\/pages"}],"about":[{"href":"https:\/\/tendalsjborras.com\/ca\/wp-json\/wp\/v2\/types\/page"}],"author":[{"embeddable":true,"href":"https:\/\/tendalsjborras.com\/ca\/wp-json\/wp\/v2\/users\/1"}],"replies":[{"embeddable":true,"href":"https:\/\/tendalsjborras.com\/ca\/wp-json\/wp\/v2\/comments?post=405"}],"version-history":[{"count":4,"href":"https:\/\/tendalsjborras.com\/ca\/wp-json\/wp\/v2\/pages\/405\/revisions"}],"predecessor-version":[{"id":742,"href":"https:\/\/tendalsjborras.com\/ca\/wp-json\/wp\/v2\/pages\/405\/revisions\/742"}],"wp:attachment":[{"href":"https:\/\/tendalsjborras.com\/ca\/wp-json\/wp\/v2\/media?parent=405"}],"curies":[{"name":"wp","href":"https:\/\/api.w.org\/{rel}","templated":true}]}}