{"id":419,"date":"2022-04-24T08:31:26","date_gmt":"2022-04-24T06:31:26","guid":{"rendered":"https:\/\/tendalsjborras.com\/politica-de-privacitat\/"},"modified":"2025-02-13T23:52:00","modified_gmt":"2025-02-13T22:52:00","slug":"politica-de-privacitat","status":"publish","type":"page","link":"https:\/\/tendalsjborras.com\/ca\/politica-de-privacitat\/","title":{"rendered":"Pol\u00edtica de Privacitat"},"content":{"rendered":"\n<h5 class=\"wp-block-heading\"><strong>Darrera actualitzaci\u00f3 el 21-mar-2024<\/strong><br><strong>Data d&#8217;entrada en vigor 21-mar-2024<\/strong><\/h5>\n\n\n\n<p>Aquesta Pol\u00edtica de privadesa descriu les pol\u00edtiques de Joan Borras Borras, C\/ Escultor Martorell 23, Tarragona 43110, Espanya, correu electr\u00f2nic: info@tendalsjborras.com, tel\u00e8fon: +34 628096079 sobre la recollida, \u00fas i divulgaci\u00f3 de la vostra informaci\u00f3 que recollim quan utilitzar el nostre lloc web ( https:\/\/tendalsjborras.com ). (el servei&#8221;). En accedir o utilitzar el Servei, esteu consentint la recollida, l&#8217;\u00fas i la divulgaci\u00f3 de la vostra informaci\u00f3 d&#8217;acord amb aquesta Pol\u00edtica de privadesa. Si no accepteu el mateix, si us plau, no accediu ni utilitzeu el Servei.<\/p>\n\n\n\n<p>Podem modificar aquesta Pol\u00edtica de privadesa en qualsevol moment sense cap av\u00eds previ i publicarem la Pol\u00edtica de privadesa revisada al Servei. La Pol\u00edtica revisada entrar\u00e0 en vigor 180 dies a partir del moment en qu\u00e8 la Pol\u00edtica revisada es publica al Servei i el vostre acc\u00e9s o \u00fas continuat del Servei despr\u00e9s d&#8217;aquest moment suposar\u00e0 la vostra acceptaci\u00f3 de la Pol\u00edtica de privadesa revisada. Per tant, us recomanem que reviseu aquesta p\u00e0gina peri\u00f2dicament.<\/p>\n\n\n\n<p>COM FEM SERVIR LA VOSTRA INFORMACI\u00d3:<\/p>\n\n\n<p>Utilitzarem la informaci\u00f3 que recopilem sobre vost\u00e8 amb les finalitats seg\u00fcents:<\/p>\n<ol>\n<li>M\u00e0rqueting\/Promoci\u00f3Fer complir els T&amp;CProtecci\u00f3 del lloc<\/li>\n<\/ol>\n<p>Si volem utilitzar la vostra informaci\u00f3 per a qualsevol altre prop\u00f2sit, us demanarem el consentiment i utilitzarem la vostra informaci\u00f3 nom\u00e9s en rebre el vostre consentiment i, despr\u00e9s, nom\u00e9s per a les finalitats per a les quals atorguem el consentiment, tret que ens demani el contrari. Llei.<\/p>\n\n\n<p>ELS TEUS DRETS:<\/p>\n\n\n\n<p>Depenent de la llei que s&#8217;apliqui, \u00e9s possible que tinguis dret a accedir i rectificar o esborrar les teves dades personals o rebre una c\u00f2pia de les teves dades personals, restringir o oposar-te al tractament actiu de les teves dades, sol\u00b7licita&#8217;ns que compartim (portatge) les teves dades personals. informaci\u00f3 a una altra entitat, retirar qualsevol consentiment que ens vau proporcionar per processar les vostres dades, el dret a presentar una queixa davant una autoritat legal i altres drets que puguin ser rellevants segons les lleis aplicables. Per exercir aquests drets, pots escriure&#8217;ns a info@tendalsjborras.com. Respondrem a la seva sol\u00b7licitud d&#8217;acord amb la legislaci\u00f3 aplicable.Tingueu en compte que si no ens permet recollir o processar la informaci\u00f3 personal requerida o retirar el consentiment per tractar-la amb les finalitats requerides, \u00e9s possible que no pugueu accedir o utilitzar els serveis per als quals es va demanar la vostra informaci\u00f3.<\/p>\n\n\n\n<p>COOKIES:<\/p>\n\n\n\n<p>Per obtenir m\u00e9s informaci\u00f3 sobre com les fem servir i les vostres opcions en relaci\u00f3 amb aquestes tecnologies de seguiment, consulteu la nostra&nbsp;<a href=\"https:\/\/tendalsjborras.com\/\">Pol\u00edtica de galetes.<\/a><\/p>\n\n\n\n<p>SEGURETAT:<\/p>\n\n\n\n<p>La seguretat de la seva informaci\u00f3 \u00e9s important per a nosaltres i utilitzarem mesures de seguretat raonables per evitar la p\u00e8rdua, el mal \u00fas o l&#8217;alteraci\u00f3 no autoritzada de la seva informaci\u00f3 sota el nostre control. No obstant aix\u00f2, donats els riscos inherents, no podem garantir la seguretat absoluta i, en conseq\u00fc\u00e8ncia, no podem garantir ni garantir la seguretat de cap informaci\u00f3 que ens transmeteu i ho feu sota el vostre propi risc.<\/p>\n\n\n\n<p>ENLLA\u00c7OS DE TERCERS I \u00daS DE LA VOSTRA INFORMACI\u00d3:<\/p>\n\n\n\n<p>El nostre servei pot contenir enlla\u00e7os a altres llocs web que no operem per nosaltres. Aquesta Pol\u00edtica de privadesa no aborda la pol\u00edtica de privadesa i altres pr\u00e0ctiques de tercers, incl\u00f2s qualsevol tercer que exploti qualsevol lloc web o servei al qual es pugui accedir mitjan\u00e7ant un enlla\u00e7 al Servei. Us recomanem fermament que reviseu la pol\u00edtica de privadesa de cada lloc que visiteu. No tenim control ni assumim cap responsabilitat pel contingut, les pol\u00edtiques de privadesa o les pr\u00e0ctiques de cap lloc o servei de tercers.<\/p>\n\n\n\n<p>RECLAMACI\u00d3 \/ DELEGAT DE PROTECCI\u00d3 DE DADES:<\/p>\n\n\n\n<p>Si tens qualsevol consulta o dubte sobre el tractament de la teva informaci\u00f3 que est\u00e0 disponible amb nosaltres, pots enviar un correu electr\u00f2nic al nostre Oficial de Queixes a Joan Borras Borras, C\/ Escultor Martorell 23, correu electr\u00f2nic: info@tendalsjborras.com. Atendrem les vostres inquietuds d&#8217;acord amb la legislaci\u00f3 aplicable.<\/p>\n","protected":false},"excerpt":{"rendered":"<p>Darrera actualitzaci\u00f3 el 21-mar-2024Data d&#8217;entrada en vigor 21-mar-2024 Aquesta Pol\u00edtica de privadesa descriu les pol\u00edtiques de Joan Borras Borras, C\/ Escultor Martorell 23, Tarragona 43110, Espanya, correu electr\u00f2nic: info@tendalsjborras.com, tel\u00e8fon: +34 628096079 sobre la recollida, \u00fas i divulgaci\u00f3 de la vostra informaci\u00f3 que recollim quan utilitzar el nostre lloc web ( https:\/\/tendalsjborras.com ). (el servei&#8221;). [&hellip;]<\/p>\n","protected":false},"author":1,"featured_media":0,"parent":0,"menu_order":0,"comment_status":"closed","ping_status":"closed","template":"","meta":{"_uf_show_specific_survey":0,"_uf_disable_surveys":false,"site-sidebar-layout":"default","site-content-layout":"","ast-site-content-layout":"default","site-content-style":"default","site-sidebar-style":"default","ast-global-header-display":"","ast-banner-title-visibility":"","ast-main-header-display":"","ast-hfb-above-header-display":"","ast-hfb-below-header-display":"","ast-hfb-mobile-header-display":"","site-post-title":"","ast-breadcrumbs-content":"","ast-featured-img":"","footer-sml-layout":"","ast-disable-related-posts":"","theme-transparent-header-meta":"","adv-header-id-meta":"","stick-header-meta":"","header-above-stick-meta":"","header-main-stick-meta":"","header-below-stick-meta":"","astra-migrate-meta-layouts":"set","ast-page-background-enabled":"default","ast-page-background-meta":{"desktop":{"background-color":"","background-image":"","background-repeat":"repeat","background-position":"center center","background-size":"auto","background-attachment":"scroll","background-type":"","background-media":"","overlay-type":"","overlay-color":"","overlay-opacity":"","overlay-gradient":""},"tablet":{"background-color":"","background-image":"","background-repeat":"repeat","background-position":"center center","background-size":"auto","background-attachment":"scroll","background-type":"","background-media":"","overlay-type":"","overlay-color":"","overlay-opacity":"","overlay-gradient":""},"mobile":{"background-color":"","background-image":"","background-repeat":"repeat","background-position":"center center","background-size":"auto","background-attachment":"scroll","background-type":"","background-media":"","overlay-type":"","overlay-color":"","overlay-opacity":"","overlay-gradient":""}},"ast-content-background-meta":{"desktop":{"background-color":"var(--ast-global-color-5)","background-image":"","background-repeat":"repeat","background-position":"center center","background-size":"auto","background-attachment":"scroll","background-type":"","background-media":"","overlay-type":"","overlay-color":"","overlay-opacity":"","overlay-gradient":""},"tablet":{"background-color":"var(--ast-global-color-5)","background-image":"","background-repeat":"repeat","background-position":"center center","background-size":"auto","background-attachment":"scroll","background-type":"","background-media":"","overlay-type":"","overlay-color":"","overlay-opacity":"","overlay-gradient":""},"mobile":{"background-color":"var(--ast-global-color-5)","background-image":"","background-repeat":"repeat","background-position":"center center","background-size":"auto","background-attachment":"scroll","background-type":"","background-media":"","overlay-type":"","overlay-color":"","overlay-opacity":"","overlay-gradient":""}},"footnotes":""},"class_list":["post-419","page","type-page","status-publish","hentry"],"yoast_head":"<!-- This site is optimized with the Yoast SEO plugin v27.2 - https:\/\/yoast.com\/product\/yoast-seo-wordpress\/ -->\n<title>Pol\u00edtica de Privacitat - Tendals J.Borras<\/title>\n<meta name=\"description\" content=\"Pol\u00edtica de Privacitat de la p\u00e0gina web de Tendals J.Borras.\" \/>\n<meta name=\"robots\" content=\"index, follow, max-snippet:-1, max-image-preview:large, max-video-preview:-1\" \/>\n<link rel=\"canonical\" href=\"https:\/\/tendalsjborras.com\/ca\/politica-de-privacitat\/\" \/>\n<meta property=\"og:locale\" content=\"ca_ES\" \/>\n<meta property=\"og:type\" content=\"article\" \/>\n<meta property=\"og:title\" content=\"Pol\u00edtica de Privacitat - Tendals J.Borras\" \/>\n<meta property=\"og:description\" content=\"Pol\u00edtica de Privacitat de la p\u00e0gina web de Tendals J.Borras.\" \/>\n<meta property=\"og:url\" content=\"https:\/\/tendalsjborras.com\/ca\/politica-de-privacitat\/\" \/>\n<meta property=\"og:site_name\" content=\"Tendals J.Borras\" \/>\n<meta property=\"article:publisher\" content=\"https:\/\/www.facebook.com\/TendalsJBorras\/\" \/>\n<meta property=\"article:modified_time\" content=\"2025-02-13T22:52:00+00:00\" \/>\n<meta name=\"twitter:card\" content=\"summary_large_image\" \/>\n<meta name=\"twitter:label1\" content=\"Temps estimat de lectura\" \/>\n\t<meta name=\"twitter:data1\" content=\"3 minuts\" \/>\n<script type=\"application\/ld+json\" class=\"yoast-schema-graph\">{\"@context\":\"https:\/\/schema.org\",\"@graph\":[{\"@type\":\"WebPage\",\"@id\":\"https:\/\/tendalsjborras.com\/ca\/politica-de-privacitat\/\",\"url\":\"https:\/\/tendalsjborras.com\/ca\/politica-de-privacitat\/\",\"name\":\"Pol\u00edtica de Privacitat - Tendals J.Borras\",\"isPartOf\":{\"@id\":\"https:\/\/tendalsjborras.com\/ca\/#website\"},\"datePublished\":\"2022-04-24T06:31:26+00:00\",\"dateModified\":\"2025-02-13T22:52:00+00:00\",\"description\":\"Pol\u00edtica de Privacitat de la p\u00e0gina web de Tendals J.Borras.\",\"breadcrumb\":{\"@id\":\"https:\/\/tendalsjborras.com\/ca\/politica-de-privacitat\/#breadcrumb\"},\"inLanguage\":\"ca\",\"potentialAction\":[{\"@type\":\"ReadAction\",\"target\":[\"https:\/\/tendalsjborras.com\/ca\/politica-de-privacitat\/\"]}]},{\"@type\":\"BreadcrumbList\",\"@id\":\"https:\/\/tendalsjborras.com\/ca\/politica-de-privacitat\/#breadcrumb\",\"itemListElement\":[{\"@type\":\"ListItem\",\"position\":1,\"name\":\"Portada\",\"item\":\"https:\/\/tendalsjborras.com\/ca\/\"},{\"@type\":\"ListItem\",\"position\":2,\"name\":\"Pol\u00edtica de Privacitat\"}]},{\"@type\":\"WebSite\",\"@id\":\"https:\/\/tendalsjborras.com\/ca\/#website\",\"url\":\"https:\/\/tendalsjborras.com\/ca\/\",\"name\":\"Tendals J.Borras\",\"description\":\"Tendals, p\u00e8rgoles i veles a Tarragona\",\"publisher\":{\"@id\":\"https:\/\/tendalsjborras.com\/ca\/#organization\"},\"potentialAction\":[{\"@type\":\"SearchAction\",\"target\":{\"@type\":\"EntryPoint\",\"urlTemplate\":\"https:\/\/tendalsjborras.com\/ca\/?s={search_term_string}\"},\"query-input\":{\"@type\":\"PropertyValueSpecification\",\"valueRequired\":true,\"valueName\":\"search_term_string\"}}],\"inLanguage\":\"ca\"},{\"@type\":\"Organization\",\"@id\":\"https:\/\/tendalsjborras.com\/ca\/#organization\",\"name\":\"Tendals J.Borras\",\"url\":\"https:\/\/tendalsjborras.com\/ca\/\",\"logo\":{\"@type\":\"ImageObject\",\"inLanguage\":\"ca\",\"@id\":\"https:\/\/tendalsjborras.com\/ca\/#\/schema\/logo\/image\/\",\"url\":\"https:\/\/tendalsjborras.com\/wp-content\/uploads\/2021\/12\/logo-tendalsjborras.png\",\"contentUrl\":\"https:\/\/tendalsjborras.com\/wp-content\/uploads\/2021\/12\/logo-tendalsjborras.png\",\"width\":422,\"height\":230,\"caption\":\"Tendals J.Borras\"},\"image\":{\"@id\":\"https:\/\/tendalsjborras.com\/ca\/#\/schema\/logo\/image\/\"},\"sameAs\":[\"https:\/\/www.facebook.com\/TendalsJBorras\/\",\"https:\/\/www.instagram.com\/tendalsjborras\/\"]}]}<\/script>\n<!-- \/ Yoast SEO plugin. -->","yoast_head_json":{"title":"Pol\u00edtica de Privacitat - Tendals J.Borras","description":"Pol\u00edtica de Privacitat de la p\u00e0gina web de Tendals J.Borras.","robots":{"index":"index","follow":"follow","max-snippet":"max-snippet:-1","max-image-preview":"max-image-preview:large","max-video-preview":"max-video-preview:-1"},"canonical":"https:\/\/tendalsjborras.com\/ca\/politica-de-privacitat\/","og_locale":"ca_ES","og_type":"article","og_title":"Pol\u00edtica de Privacitat - Tendals J.Borras","og_description":"Pol\u00edtica de Privacitat de la p\u00e0gina web de Tendals J.Borras.","og_url":"https:\/\/tendalsjborras.com\/ca\/politica-de-privacitat\/","og_site_name":"Tendals J.Borras","article_publisher":"https:\/\/www.facebook.com\/TendalsJBorras\/","article_modified_time":"2025-02-13T22:52:00+00:00","twitter_card":"summary_large_image","twitter_misc":{"Temps estimat de lectura":"3 minuts"},"schema":{"@context":"https:\/\/schema.org","@graph":[{"@type":"WebPage","@id":"https:\/\/tendalsjborras.com\/ca\/politica-de-privacitat\/","url":"https:\/\/tendalsjborras.com\/ca\/politica-de-privacitat\/","name":"Pol\u00edtica de Privacitat - Tendals J.Borras","isPartOf":{"@id":"https:\/\/tendalsjborras.com\/ca\/#website"},"datePublished":"2022-04-24T06:31:26+00:00","dateModified":"2025-02-13T22:52:00+00:00","description":"Pol\u00edtica de Privacitat de la p\u00e0gina web de Tendals J.Borras.","breadcrumb":{"@id":"https:\/\/tendalsjborras.com\/ca\/politica-de-privacitat\/#breadcrumb"},"inLanguage":"ca","potentialAction":[{"@type":"ReadAction","target":["https:\/\/tendalsjborras.com\/ca\/politica-de-privacitat\/"]}]},{"@type":"BreadcrumbList","@id":"https:\/\/tendalsjborras.com\/ca\/politica-de-privacitat\/#breadcrumb","itemListElement":[{"@type":"ListItem","position":1,"name":"Portada","item":"https:\/\/tendalsjborras.com\/ca\/"},{"@type":"ListItem","position":2,"name":"Pol\u00edtica de Privacitat"}]},{"@type":"WebSite","@id":"https:\/\/tendalsjborras.com\/ca\/#website","url":"https:\/\/tendalsjborras.com\/ca\/","name":"Tendals J.Borras","description":"Tendals, p\u00e8rgoles i veles a Tarragona","publisher":{"@id":"https:\/\/tendalsjborras.com\/ca\/#organization"},"potentialAction":[{"@type":"SearchAction","target":{"@type":"EntryPoint","urlTemplate":"https:\/\/tendalsjborras.com\/ca\/?s={search_term_string}"},"query-input":{"@type":"PropertyValueSpecification","valueRequired":true,"valueName":"search_term_string"}}],"inLanguage":"ca"},{"@type":"Organization","@id":"https:\/\/tendalsjborras.com\/ca\/#organization","name":"Tendals J.Borras","url":"https:\/\/tendalsjborras.com\/ca\/","logo":{"@type":"ImageObject","inLanguage":"ca","@id":"https:\/\/tendalsjborras.com\/ca\/#\/schema\/logo\/image\/","url":"https:\/\/tendalsjborras.com\/wp-content\/uploads\/2021\/12\/logo-tendalsjborras.png","contentUrl":"https:\/\/tendalsjborras.com\/wp-content\/uploads\/2021\/12\/logo-tendalsjborras.png","width":422,"height":230,"caption":"Tendals J.Borras"},"image":{"@id":"https:\/\/tendalsjborras.com\/ca\/#\/schema\/logo\/image\/"},"sameAs":["https:\/\/www.facebook.com\/TendalsJBorras\/","https:\/\/www.instagram.com\/tendalsjborras\/"]}]}},"_links":{"self":[{"href":"https:\/\/tendalsjborras.com\/ca\/wp-json\/wp\/v2\/pages\/419","targetHints":{"allow":["GET"]}}],"collection":[{"href":"https:\/\/tendalsjborras.com\/ca\/wp-json\/wp\/v2\/pages"}],"about":[{"href":"https:\/\/tendalsjborras.com\/ca\/wp-json\/wp\/v2\/types\/page"}],"author":[{"embeddable":true,"href":"https:\/\/tendalsjborras.com\/ca\/wp-json\/wp\/v2\/users\/1"}],"replies":[{"embeddable":true,"href":"https:\/\/tendalsjborras.com\/ca\/wp-json\/wp\/v2\/comments?post=419"}],"version-history":[{"count":2,"href":"https:\/\/tendalsjborras.com\/ca\/wp-json\/wp\/v2\/pages\/419\/revisions"}],"predecessor-version":[{"id":738,"href":"https:\/\/tendalsjborras.com\/ca\/wp-json\/wp\/v2\/pages\/419\/revisions\/738"}],"wp:attachment":[{"href":"https:\/\/tendalsjborras.com\/ca\/wp-json\/wp\/v2\/media?parent=419"}],"curies":[{"name":"wp","href":"https:\/\/api.w.org\/{rel}","templated":true}]}}