{"id":760,"date":"2025-02-13T23:53:56","date_gmt":"2025-02-13T22:53:56","guid":{"rendered":"https:\/\/tendalsjborras.com\/?page_id=760"},"modified":"2025-02-13T23:53:56","modified_gmt":"2025-02-13T22:53:56","slug":"plaques-solars","status":"publish","type":"page","link":"https:\/\/tendalsjborras.com\/ca\/productes\/plaques-solars\/","title":{"rendered":"Plaques solars"},"content":{"rendered":"\t\t<div data-elementor-type=\"wp-page\" data-elementor-id=\"760\" class=\"elementor elementor-760 elementor-759\" data-elementor-settings=\"{&quot;ha_cmc_init_switcher&quot;:&quot;no&quot;}\">\n\t\t\t\t\t\t<section class=\"elementor-section elementor-top-section elementor-element elementor-element-ae1b5ad elementor-section-boxed elementor-section-height-default elementor-section-height-default\" data-id=\"ae1b5ad\" data-element_type=\"section\" data-e-type=\"section\" data-settings=\"{&quot;background_background&quot;:&quot;classic&quot;,&quot;_ha_eqh_enable&quot;:false}\">\n\t\t\t\t\t\t\t<div class=\"elementor-background-overlay\"><\/div>\n\t\t\t\t\t\t\t<div class=\"elementor-container elementor-column-gap-default\">\n\t\t\t\t\t<div class=\"elementor-column elementor-col-100 elementor-top-column elementor-element elementor-element-55b5e95\" data-id=\"55b5e95\" data-element_type=\"column\" data-e-type=\"column\">\n\t\t\t<div class=\"elementor-widget-wrap elementor-element-populated\">\n\t\t\t\t\t\t<div class=\"elementor-element elementor-element-6aee493 elementor-widget elementor-widget-heading\" data-id=\"6aee493\" data-element_type=\"widget\" data-e-type=\"widget\" data-widget_type=\"heading.default\">\n\t\t\t\t<div class=\"elementor-widget-container\">\n\t\t\t\t\t<h1 class=\"elementor-heading-title elementor-size-default\">Plaques solars<\/h1>\t\t\t\t<\/div>\n\t\t\t\t<\/div>\n\t\t\t\t\t<\/div>\n\t\t<\/div>\n\t\t\t\t\t<\/div>\n\t\t<\/section>\n\t\t\t\t<section class=\"elementor-section elementor-top-section elementor-element elementor-element-d236741 elementor-section-boxed elementor-section-height-default elementor-section-height-default\" data-id=\"d236741\" data-element_type=\"section\" data-e-type=\"section\" data-settings=\"{&quot;_ha_eqh_enable&quot;:false}\">\n\t\t\t\t\t\t<div class=\"elementor-container elementor-column-gap-wide\">\n\t\t\t\t\t<div class=\"elementor-column elementor-col-100 elementor-top-column elementor-element elementor-element-952902f\" data-id=\"952902f\" data-element_type=\"column\" data-e-type=\"column\">\n\t\t\t<div class=\"elementor-widget-wrap elementor-element-populated\">\n\t\t\t\t\t\t<div class=\"elementor-element elementor-element-cdba3ef elementor-widget elementor-widget-heading\" data-id=\"cdba3ef\" data-element_type=\"widget\" data-e-type=\"widget\" data-widget_type=\"heading.default\">\n\t\t\t\t<div class=\"elementor-widget-container\">\n\t\t\t\t\t<h2 class=\"elementor-heading-title elementor-size-default\">Per qu\u00e8 instal\u00b7lar plaques solars a casa teva?<\/h2>\t\t\t\t<\/div>\n\t\t\t\t<\/div>\n\t\t\t\t<div class=\"elementor-element elementor-element-a85dc4b elementor-widget elementor-widget-text-editor\" data-id=\"a85dc4b\" data-element_type=\"widget\" data-e-type=\"widget\" data-widget_type=\"text-editor.default\">\n\t\t\t\t<div class=\"elementor-widget-container\">\n\t\t\t\t\t\t\t\t\t<p>Instal\u00b7lar plaques solars et permet reduir les factures d\u2019electricitat i contribuir a un futur m\u00e9s sostenible. A m\u00e9s, \u00e9s una inversi\u00f3 intel\u00b7ligent que augmenta el valor de la teva llar mentre cuides del medi ambient.<\/p>\n\t\t\t\t\t\t\t\t<\/div>\n\t\t\t\t<\/div>\n\t\t\t\t\t<\/div>\n\t\t<\/div>\n\t\t\t\t\t<\/div>\n\t\t<\/section>\n\t\t\t\t<section class=\"elementor-section elementor-top-section elementor-element elementor-element-ad3856c elementor-section-boxed elementor-section-height-default elementor-section-height-default\" data-id=\"ad3856c\" data-element_type=\"section\" data-e-type=\"section\" data-settings=\"{&quot;background_background&quot;:&quot;classic&quot;,&quot;_ha_eqh_enable&quot;:false}\">\n\t\t\t\t\t\t\t<div class=\"elementor-background-overlay\"><\/div>\n\t\t\t\t\t\t\t<div class=\"elementor-container elementor-column-gap-default\">\n\t\t\t\t\t<div class=\"elementor-column elementor-col-100 elementor-top-column elementor-element elementor-element-431e00c\" data-id=\"431e00c\" data-element_type=\"column\" data-e-type=\"column\">\n\t\t\t<div class=\"elementor-widget-wrap elementor-element-populated\">\n\t\t\t\t\t\t<div class=\"elementor-element elementor-element-4d926d4 elementor-widget elementor-widget-heading\" data-id=\"4d926d4\" data-element_type=\"widget\" data-e-type=\"widget\" data-widget_type=\"heading.default\">\n\t\t\t\t<div class=\"elementor-widget-container\">\n\t\t\t\t\t<h2 class=\"elementor-heading-title elementor-size-default\"><a href=\"https:\/\/tendalsjborras.com\/ca\/productes\/pergoles\/\">Instal\u00b7laci\u00f3<\/a><\/h2>\t\t\t\t<\/div>\n\t\t\t\t<\/div>\n\t\t\t\t\t<\/div>\n\t\t<\/div>\n\t\t\t\t\t<\/div>\n\t\t<\/section>\n\t\t\t\t<section class=\"elementor-section elementor-top-section elementor-element elementor-element-276e90b elementor-section-boxed elementor-section-height-default elementor-section-height-default\" data-id=\"276e90b\" data-element_type=\"section\" data-e-type=\"section\" data-settings=\"{&quot;_ha_eqh_enable&quot;:false}\">\n\t\t\t\t\t\t<div class=\"elementor-container elementor-column-gap-wide\">\n\t\t\t\t\t<div class=\"elementor-column elementor-col-100 elementor-top-column elementor-element elementor-element-6f6d3ad\" data-id=\"6f6d3ad\" data-element_type=\"column\" data-e-type=\"column\">\n\t\t\t<div class=\"elementor-widget-wrap elementor-element-populated\">\n\t\t\t\t\t\t<div class=\"elementor-element elementor-element-5bccc69 elementor-widget elementor-widget-text-editor\" data-id=\"5bccc69\" data-element_type=\"widget\" data-e-type=\"widget\" data-widget_type=\"text-editor.default\">\n\t\t\t\t<div class=\"elementor-widget-container\">\n\t\t\t\t\t\t\t\t\t<p>Gaudeix d&#8217;una instal\u00b7laci\u00f3 de plaques solars eficient i adaptada a les teves necessitats. Ens encarreguem de tot el proc\u00e9s per garantir una integraci\u00f3 perfecta i sense complicacions, maximitzant el teu estalvi energ\u00e8tic.<\/p>\n\t\t\t\t\t\t\t\t<\/div>\n\t\t\t\t<\/div>\n\t\t\t\t\t<\/div>\n\t\t<\/div>\n\t\t\t\t\t<\/div>\n\t\t<\/section>\n\t\t\t\t<section class=\"elementor-section elementor-top-section elementor-element elementor-element-fc3eaf7 elementor-section-boxed elementor-section-height-default elementor-section-height-default\" data-id=\"fc3eaf7\" data-element_type=\"section\" data-e-type=\"section\" data-settings=\"{&quot;background_background&quot;:&quot;classic&quot;,&quot;_ha_eqh_enable&quot;:false}\">\n\t\t\t\t\t\t\t<div class=\"elementor-background-overlay\"><\/div>\n\t\t\t\t\t\t\t<div class=\"elementor-container elementor-column-gap-default\">\n\t\t\t\t\t<div class=\"elementor-column elementor-col-100 elementor-top-column elementor-element elementor-element-c3a43c6\" data-id=\"c3a43c6\" data-element_type=\"column\" data-e-type=\"column\">\n\t\t\t<div class=\"elementor-widget-wrap elementor-element-populated\">\n\t\t\t\t\t\t<div class=\"elementor-element elementor-element-54a1fad elementor-widget elementor-widget-heading\" data-id=\"54a1fad\" data-element_type=\"widget\" data-e-type=\"widget\" data-widget_type=\"heading.default\">\n\t\t\t\t<div class=\"elementor-widget-container\">\n\t\t\t\t\t<h2 class=\"elementor-heading-title elementor-size-default\"><a href=\"https:\/\/tendalsjborras.com\/ca\/productes\/pergoles\/\">Manteniment<\/a><\/h2>\t\t\t\t<\/div>\n\t\t\t\t<\/div>\n\t\t\t\t\t<\/div>\n\t\t<\/div>\n\t\t\t\t\t<\/div>\n\t\t<\/section>\n\t\t\t\t<section class=\"elementor-section elementor-top-section elementor-element elementor-element-fe77537 elementor-section-boxed elementor-section-height-default elementor-section-height-default\" data-id=\"fe77537\" data-element_type=\"section\" data-e-type=\"section\" data-settings=\"{&quot;_ha_eqh_enable&quot;:false}\">\n\t\t\t\t\t\t<div class=\"elementor-container elementor-column-gap-wide\">\n\t\t\t\t\t<div class=\"elementor-column elementor-col-100 elementor-top-column elementor-element elementor-element-59be6e2\" data-id=\"59be6e2\" data-element_type=\"column\" data-e-type=\"column\">\n\t\t\t<div class=\"elementor-widget-wrap elementor-element-populated\">\n\t\t\t\t\t\t<div class=\"elementor-element elementor-element-3472c42 elementor-widget elementor-widget-text-editor\" data-id=\"3472c42\" data-element_type=\"widget\" data-e-type=\"widget\" data-widget_type=\"text-editor.default\">\n\t\t\t\t<div class=\"elementor-widget-container\">\n\t\t\t\t\t\t\t\t\t<p>Allarga la vida \u00fatil del teu sistema solar amb el nostre servei de manteniment professional. Realitzem revisions peri\u00f2diques i ajustos per assegurar-ne el m\u00e0xim rendiment durant tot l\u2019any.<\/p>\n\t\t\t\t\t\t\t\t<\/div>\n\t\t\t\t<\/div>\n\t\t\t\t\t<\/div>\n\t\t<\/div>\n\t\t\t\t\t<\/div>\n\t\t<\/section>\n\t\t\t\t<section class=\"elementor-section elementor-top-section elementor-element elementor-element-3ad5c2b elementor-section-boxed elementor-section-height-default elementor-section-height-default\" data-id=\"3ad5c2b\" data-element_type=\"section\" data-e-type=\"section\" data-settings=\"{&quot;background_background&quot;:&quot;classic&quot;,&quot;_ha_eqh_enable&quot;:false}\">\n\t\t\t\t\t\t\t<div class=\"elementor-background-overlay\"><\/div>\n\t\t\t\t\t\t\t<div class=\"elementor-container elementor-column-gap-default\">\n\t\t\t\t\t<div class=\"elementor-column elementor-col-100 elementor-top-column elementor-element elementor-element-b6f5b82\" data-id=\"b6f5b82\" data-element_type=\"column\" data-e-type=\"column\">\n\t\t\t<div class=\"elementor-widget-wrap elementor-element-populated\">\n\t\t\t\t\t\t<div class=\"elementor-element elementor-element-8d68240 elementor-widget elementor-widget-heading\" data-id=\"8d68240\" data-element_type=\"widget\" data-e-type=\"widget\" data-widget_type=\"heading.default\">\n\t\t\t\t<div class=\"elementor-widget-container\">\n\t\t\t\t\t<h2 class=\"elementor-heading-title elementor-size-default\"><a href=\"https:\/\/tendalsjborras.com\/ca\/productes\/pergoles\/\">Neteja<\/a><\/h2>\t\t\t\t<\/div>\n\t\t\t\t<\/div>\n\t\t\t\t\t<\/div>\n\t\t<\/div>\n\t\t\t\t\t<\/div>\n\t\t<\/section>\n\t\t\t\t<section class=\"elementor-section elementor-top-section elementor-element elementor-element-f09fe90 elementor-section-boxed elementor-section-height-default elementor-section-height-default\" data-id=\"f09fe90\" data-element_type=\"section\" data-e-type=\"section\" data-settings=\"{&quot;_ha_eqh_enable&quot;:false}\">\n\t\t\t\t\t\t<div class=\"elementor-container elementor-column-gap-wide\">\n\t\t\t\t\t<div class=\"elementor-column elementor-col-100 elementor-top-column elementor-element elementor-element-1bab529\" data-id=\"1bab529\" data-element_type=\"column\" data-e-type=\"column\">\n\t\t\t<div class=\"elementor-widget-wrap elementor-element-populated\">\n\t\t\t\t\t\t<div class=\"elementor-element elementor-element-3b5c5fe elementor-widget elementor-widget-text-editor\" data-id=\"3b5c5fe\" data-element_type=\"widget\" data-e-type=\"widget\" data-widget_type=\"text-editor.default\">\n\t\t\t\t<div class=\"elementor-widget-container\">\n\t\t\t\t\t\t\t\t\t<p>Mantingues l\u2019efici\u00e8ncia energ\u00e8tica del teu sistema amb una neteja especialitzada. Eliminem la brut\u00edcia i els residus acumulats perqu\u00e8 les teves plaques funcionin a ple rendiment.<\/p>\n<p>Si vols m\u00e9s informaci\u00f3, visita l\u2019apartat de <strong><a href=\"https:\/\/tendalsjborras.com\/ca\/contacte\/\">contacta<\/a><\/strong> o escriu-nos a <strong><a href=\"mailto:fotovoltaica@tendalsjborras.com\" target=\"_blank\" rel=\"noopener\">fotovoltaica@tendalsjborras.com<\/a><\/strong>.<\/p>\n\t\t\t\t\t\t\t\t<\/div>\n\t\t\t\t<\/div>\n\t\t\t\t\t<\/div>\n\t\t<\/div>\n\t\t\t\t\t<\/div>\n\t\t<\/section>\n\t\t\t\t<\/div>\n\t\t","protected":false},"excerpt":{"rendered":"<p>Plaques solars Per qu\u00e8 instal\u00b7lar plaques solars a casa teva? Instal\u00b7lar plaques solars et permet reduir les factures d\u2019electricitat i contribuir a un futur m\u00e9s sostenible. A m\u00e9s, \u00e9s una inversi\u00f3 intel\u00b7ligent que augmenta el valor de la teva llar mentre cuides del medi ambient. Instal\u00b7laci\u00f3 Gaudeix d&#8217;una instal\u00b7laci\u00f3 de plaques solars eficient i adaptada [&hellip;]<\/p>\n","protected":false},"author":1,"featured_media":0,"parent":443,"menu_order":0,"comment_status":"closed","ping_status":"closed","template":"","meta":{"_uf_show_specific_survey":0,"_uf_disable_surveys":false,"site-sidebar-layout":"no-sidebar","site-content-layout":"page-builder","ast-site-content-layout":"full-width-container","site-content-style":"unboxed","site-sidebar-style":"unboxed","ast-global-header-display":"","ast-banner-title-visibility":"","ast-main-header-display":"","ast-hfb-above-header-display":"","ast-hfb-below-header-display":"","ast-hfb-mobile-header-display":"","site-post-title":"disabled","ast-breadcrumbs-content":"","ast-featured-img":"disabled","footer-sml-layout":"","ast-disable-related-posts":"","theme-transparent-header-meta":"","adv-header-id-meta":"","stick-header-meta":"","header-above-stick-meta":"","header-main-stick-meta":"","header-below-stick-meta":"","astra-migrate-meta-layouts":"default","ast-page-background-enabled":"default","ast-page-background-meta":{"desktop":{"background-color":"","background-image":"","background-repeat":"repeat","background-position":"center center","background-size":"auto","background-attachment":"scroll","background-type":"","background-media":"","overlay-type":"","overlay-color":"","overlay-opacity":"","overlay-gradient":""},"tablet":{"background-color":"","background-image":"","background-repeat":"repeat","background-position":"center center","background-size":"auto","background-attachment":"scroll","background-type":"","background-media":"","overlay-type":"","overlay-color":"","overlay-opacity":"","overlay-gradient":""},"mobile":{"background-color":"","background-image":"","background-repeat":"repeat","background-position":"center center","background-size":"auto","background-attachment":"scroll","background-type":"","background-media":"","overlay-type":"","overlay-color":"","overlay-opacity":"","overlay-gradient":""}},"ast-content-background-meta":{"desktop":{"background-color":"var(--ast-global-color-5)","background-image":"","background-repeat":"repeat","background-position":"center center","background-size":"auto","background-attachment":"scroll","background-type":"","background-media":"","overlay-type":"","overlay-color":"","overlay-opacity":"","overlay-gradient":""},"tablet":{"background-color":"var(--ast-global-color-5)","background-image":"","background-repeat":"repeat","background-position":"center center","background-size":"auto","background-attachment":"scroll","background-type":"","background-media":"","overlay-type":"","overlay-color":"","overlay-opacity":"","overlay-gradient":""},"mobile":{"background-color":"var(--ast-global-color-5)","background-image":"","background-repeat":"repeat","background-position":"center center","background-size":"auto","background-attachment":"scroll","background-type":"","background-media":"","overlay-type":"","overlay-color":"","overlay-opacity":"","overlay-gradient":""}},"footnotes":""},"class_list":["post-760","page","type-page","status-publish","hentry"],"yoast_head":"<!-- This site is optimized with the Yoast SEO plugin v27.2 - https:\/\/yoast.com\/product\/yoast-seo-wordpress\/ -->\n<title>Plaques solars - Tendals J.Borras<\/title>\n<meta name=\"description\" content=\"Instal\u00b7la plaques solars a Tarragona i redueix la teva factura el\u00e8ctrica. Oferim instal\u00b7laci\u00f3, manteniment i neteja professional perqu\u00e8 aprofitis al m\u00e0xim l\u2019energia solar. Oferim instal\u00b7laci\u00f3, manteniment i neteja professional perqu\u00e8 aprofitis al m\u00e0xim l\u2019energia solar.\" \/>\n<meta name=\"robots\" content=\"index, follow, max-snippet:-1, max-image-preview:large, max-video-preview:-1\" \/>\n<link rel=\"canonical\" href=\"https:\/\/tendalsjborras.com\/ca\/productes\/plaques-solars\/\" \/>\n<meta property=\"og:locale\" content=\"ca_ES\" \/>\n<meta property=\"og:type\" content=\"article\" \/>\n<meta property=\"og:title\" content=\"Plaques solars - Tendals J.Borras\" \/>\n<meta property=\"og:description\" content=\"Instal\u00b7la plaques solars a Tarragona i redueix la teva factura el\u00e8ctrica. Oferim instal\u00b7laci\u00f3, manteniment i neteja professional perqu\u00e8 aprofitis al m\u00e0xim l\u2019energia solar. Oferim instal\u00b7laci\u00f3, manteniment i neteja professional perqu\u00e8 aprofitis al m\u00e0xim l\u2019energia solar.\" \/>\n<meta property=\"og:url\" content=\"https:\/\/tendalsjborras.com\/ca\/productes\/plaques-solars\/\" \/>\n<meta property=\"og:site_name\" content=\"Tendals J.Borras\" \/>\n<meta property=\"article:publisher\" content=\"https:\/\/www.facebook.com\/TendalsJBorras\/\" \/>\n<meta name=\"twitter:card\" content=\"summary_large_image\" \/>\n<meta name=\"twitter:label1\" content=\"Temps estimat de lectura\" \/>\n\t<meta name=\"twitter:data1\" content=\"5 minuts\" \/>\n<script type=\"application\/ld+json\" class=\"yoast-schema-graph\">{\"@context\":\"https:\/\/schema.org\",\"@graph\":[{\"@type\":\"WebPage\",\"@id\":\"https:\/\/tendalsjborras.com\/ca\/productes\/plaques-solars\/\",\"url\":\"https:\/\/tendalsjborras.com\/ca\/productes\/plaques-solars\/\",\"name\":\"Plaques solars - Tendals J.Borras\",\"isPartOf\":{\"@id\":\"https:\/\/tendalsjborras.com\/ca\/#website\"},\"datePublished\":\"2025-02-13T22:53:56+00:00\",\"description\":\"Instal\u00b7la plaques solars a Tarragona i redueix la teva factura el\u00e8ctrica. Oferim instal\u00b7laci\u00f3, manteniment i neteja professional perqu\u00e8 aprofitis al m\u00e0xim l\u2019energia solar. Oferim instal\u00b7laci\u00f3, manteniment i neteja professional perqu\u00e8 aprofitis al m\u00e0xim l\u2019energia solar.\",\"breadcrumb\":{\"@id\":\"https:\/\/tendalsjborras.com\/ca\/productes\/plaques-solars\/#breadcrumb\"},\"inLanguage\":\"ca\",\"potentialAction\":[{\"@type\":\"ReadAction\",\"target\":[\"https:\/\/tendalsjborras.com\/ca\/productes\/plaques-solars\/\"]}]},{\"@type\":\"BreadcrumbList\",\"@id\":\"https:\/\/tendalsjborras.com\/ca\/productes\/plaques-solars\/#breadcrumb\",\"itemListElement\":[{\"@type\":\"ListItem\",\"position\":1,\"name\":\"Portada\",\"item\":\"https:\/\/tendalsjborras.com\/ca\/\"},{\"@type\":\"ListItem\",\"position\":2,\"name\":\"Productes\",\"item\":\"https:\/\/tendalsjborras.com\/ca\/productes\/\"},{\"@type\":\"ListItem\",\"position\":3,\"name\":\"Plaques solars\"}]},{\"@type\":\"WebSite\",\"@id\":\"https:\/\/tendalsjborras.com\/ca\/#website\",\"url\":\"https:\/\/tendalsjborras.com\/ca\/\",\"name\":\"Tendals J.Borras\",\"description\":\"Tendals, p\u00e8rgoles i veles a Tarragona\",\"publisher\":{\"@id\":\"https:\/\/tendalsjborras.com\/ca\/#organization\"},\"potentialAction\":[{\"@type\":\"SearchAction\",\"target\":{\"@type\":\"EntryPoint\",\"urlTemplate\":\"https:\/\/tendalsjborras.com\/ca\/?s={search_term_string}\"},\"query-input\":{\"@type\":\"PropertyValueSpecification\",\"valueRequired\":true,\"valueName\":\"search_term_string\"}}],\"inLanguage\":\"ca\"},{\"@type\":\"Organization\",\"@id\":\"https:\/\/tendalsjborras.com\/ca\/#organization\",\"name\":\"Tendals J.Borras\",\"url\":\"https:\/\/tendalsjborras.com\/ca\/\",\"logo\":{\"@type\":\"ImageObject\",\"inLanguage\":\"ca\",\"@id\":\"https:\/\/tendalsjborras.com\/ca\/#\/schema\/logo\/image\/\",\"url\":\"https:\/\/tendalsjborras.com\/wp-content\/uploads\/2021\/12\/logo-tendalsjborras.png\",\"contentUrl\":\"https:\/\/tendalsjborras.com\/wp-content\/uploads\/2021\/12\/logo-tendalsjborras.png\",\"width\":422,\"height\":230,\"caption\":\"Tendals J.Borras\"},\"image\":{\"@id\":\"https:\/\/tendalsjborras.com\/ca\/#\/schema\/logo\/image\/\"},\"sameAs\":[\"https:\/\/www.facebook.com\/TendalsJBorras\/\",\"https:\/\/www.instagram.com\/tendalsjborras\/\"]}]}<\/script>\n<!-- \/ Yoast SEO plugin. -->","yoast_head_json":{"title":"Plaques solars - Tendals J.Borras","description":"Instal\u00b7la plaques solars a Tarragona i redueix la teva factura el\u00e8ctrica. Oferim instal\u00b7laci\u00f3, manteniment i neteja professional perqu\u00e8 aprofitis al m\u00e0xim l\u2019energia solar. Oferim instal\u00b7laci\u00f3, manteniment i neteja professional perqu\u00e8 aprofitis al m\u00e0xim l\u2019energia solar.","robots":{"index":"index","follow":"follow","max-snippet":"max-snippet:-1","max-image-preview":"max-image-preview:large","max-video-preview":"max-video-preview:-1"},"canonical":"https:\/\/tendalsjborras.com\/ca\/productes\/plaques-solars\/","og_locale":"ca_ES","og_type":"article","og_title":"Plaques solars - Tendals J.Borras","og_description":"Instal\u00b7la plaques solars a Tarragona i redueix la teva factura el\u00e8ctrica. Oferim instal\u00b7laci\u00f3, manteniment i neteja professional perqu\u00e8 aprofitis al m\u00e0xim l\u2019energia solar. Oferim instal\u00b7laci\u00f3, manteniment i neteja professional perqu\u00e8 aprofitis al m\u00e0xim l\u2019energia solar.","og_url":"https:\/\/tendalsjborras.com\/ca\/productes\/plaques-solars\/","og_site_name":"Tendals J.Borras","article_publisher":"https:\/\/www.facebook.com\/TendalsJBorras\/","twitter_card":"summary_large_image","twitter_misc":{"Temps estimat de lectura":"5 minuts"},"schema":{"@context":"https:\/\/schema.org","@graph":[{"@type":"WebPage","@id":"https:\/\/tendalsjborras.com\/ca\/productes\/plaques-solars\/","url":"https:\/\/tendalsjborras.com\/ca\/productes\/plaques-solars\/","name":"Plaques solars - Tendals J.Borras","isPartOf":{"@id":"https:\/\/tendalsjborras.com\/ca\/#website"},"datePublished":"2025-02-13T22:53:56+00:00","description":"Instal\u00b7la plaques solars a Tarragona i redueix la teva factura el\u00e8ctrica. Oferim instal\u00b7laci\u00f3, manteniment i neteja professional perqu\u00e8 aprofitis al m\u00e0xim l\u2019energia solar. Oferim instal\u00b7laci\u00f3, manteniment i neteja professional perqu\u00e8 aprofitis al m\u00e0xim l\u2019energia solar.","breadcrumb":{"@id":"https:\/\/tendalsjborras.com\/ca\/productes\/plaques-solars\/#breadcrumb"},"inLanguage":"ca","potentialAction":[{"@type":"ReadAction","target":["https:\/\/tendalsjborras.com\/ca\/productes\/plaques-solars\/"]}]},{"@type":"BreadcrumbList","@id":"https:\/\/tendalsjborras.com\/ca\/productes\/plaques-solars\/#breadcrumb","itemListElement":[{"@type":"ListItem","position":1,"name":"Portada","item":"https:\/\/tendalsjborras.com\/ca\/"},{"@type":"ListItem","position":2,"name":"Productes","item":"https:\/\/tendalsjborras.com\/ca\/productes\/"},{"@type":"ListItem","position":3,"name":"Plaques solars"}]},{"@type":"WebSite","@id":"https:\/\/tendalsjborras.com\/ca\/#website","url":"https:\/\/tendalsjborras.com\/ca\/","name":"Tendals J.Borras","description":"Tendals, p\u00e8rgoles i veles a Tarragona","publisher":{"@id":"https:\/\/tendalsjborras.com\/ca\/#organization"},"potentialAction":[{"@type":"SearchAction","target":{"@type":"EntryPoint","urlTemplate":"https:\/\/tendalsjborras.com\/ca\/?s={search_term_string}"},"query-input":{"@type":"PropertyValueSpecification","valueRequired":true,"valueName":"search_term_string"}}],"inLanguage":"ca"},{"@type":"Organization","@id":"https:\/\/tendalsjborras.com\/ca\/#organization","name":"Tendals J.Borras","url":"https:\/\/tendalsjborras.com\/ca\/","logo":{"@type":"ImageObject","inLanguage":"ca","@id":"https:\/\/tendalsjborras.com\/ca\/#\/schema\/logo\/image\/","url":"https:\/\/tendalsjborras.com\/wp-content\/uploads\/2021\/12\/logo-tendalsjborras.png","contentUrl":"https:\/\/tendalsjborras.com\/wp-content\/uploads\/2021\/12\/logo-tendalsjborras.png","width":422,"height":230,"caption":"Tendals J.Borras"},"image":{"@id":"https:\/\/tendalsjborras.com\/ca\/#\/schema\/logo\/image\/"},"sameAs":["https:\/\/www.facebook.com\/TendalsJBorras\/","https:\/\/www.instagram.com\/tendalsjborras\/"]}]}},"_links":{"self":[{"href":"https:\/\/tendalsjborras.com\/ca\/wp-json\/wp\/v2\/pages\/760","targetHints":{"allow":["GET"]}}],"collection":[{"href":"https:\/\/tendalsjborras.com\/ca\/wp-json\/wp\/v2\/pages"}],"about":[{"href":"https:\/\/tendalsjborras.com\/ca\/wp-json\/wp\/v2\/types\/page"}],"author":[{"embeddable":true,"href":"https:\/\/tendalsjborras.com\/ca\/wp-json\/wp\/v2\/users\/1"}],"replies":[{"embeddable":true,"href":"https:\/\/tendalsjborras.com\/ca\/wp-json\/wp\/v2\/comments?post=760"}],"version-history":[{"count":3,"href":"https:\/\/tendalsjborras.com\/ca\/wp-json\/wp\/v2\/pages\/760\/revisions"}],"predecessor-version":[{"id":783,"href":"https:\/\/tendalsjborras.com\/ca\/wp-json\/wp\/v2\/pages\/760\/revisions\/783"}],"up":[{"embeddable":true,"href":"https:\/\/tendalsjborras.com\/ca\/wp-json\/wp\/v2\/pages\/443"}],"wp:attachment":[{"href":"https:\/\/tendalsjborras.com\/ca\/wp-json\/wp\/v2\/media?parent=760"}],"curies":[{"name":"wp","href":"https:\/\/api.w.org\/{rel}","templated":true}]}}