{"id":407,"date":"2022-04-24T08:14:13","date_gmt":"2022-04-24T06:14:13","guid":{"rendered":"https:\/\/tendalsjborras.com\/entreprise\/"},"modified":"2024-03-21T23:09:33","modified_gmt":"2024-03-21T22:09:33","slug":"entreprise","status":"publish","type":"page","link":"https:\/\/tendalsjborras.com\/fr\/entreprise\/","title":{"rendered":"Entreprise"},"content":{"rendered":"\t\t<div data-elementor-type=\"wp-page\" data-elementor-id=\"407\" class=\"elementor elementor-407 elementor-208\" data-elementor-settings=\"{&quot;ha_cmc_init_switcher&quot;:&quot;no&quot;}\">\n\t\t\t\t\t\t<section class=\"elementor-section elementor-top-section elementor-element elementor-element-541c5e7 elementor-section-boxed elementor-section-height-default elementor-section-height-default\" data-id=\"541c5e7\" data-element_type=\"section\" data-e-type=\"section\" data-settings=\"{&quot;background_background&quot;:&quot;classic&quot;,&quot;_ha_eqh_enable&quot;:false}\">\n\t\t\t\t\t\t\t<div class=\"elementor-background-overlay\"><\/div>\n\t\t\t\t\t\t\t<div class=\"elementor-container elementor-column-gap-default\">\n\t\t\t\t\t<div class=\"elementor-column elementor-col-100 elementor-top-column elementor-element elementor-element-7012985\" data-id=\"7012985\" data-element_type=\"column\" data-e-type=\"column\">\n\t\t\t<div class=\"elementor-widget-wrap elementor-element-populated\">\n\t\t\t\t\t\t<div class=\"elementor-element elementor-element-7d88d25 elementor-widget elementor-widget-heading\" data-id=\"7d88d25\" data-element_type=\"widget\" data-e-type=\"widget\" data-widget_type=\"heading.default\">\n\t\t\t\t<div class=\"elementor-widget-container\">\n\t\t\t\t\t<h1 class=\"elementor-heading-title elementor-size-default\">Entreprise<\/h1>\t\t\t\t<\/div>\n\t\t\t\t<\/div>\n\t\t\t\t\t<\/div>\n\t\t<\/div>\n\t\t\t\t\t<\/div>\n\t\t<\/section>\n\t\t\t\t<section class=\"elementor-section elementor-top-section elementor-element elementor-element-9e39c4d elementor-section-boxed elementor-section-height-default elementor-section-height-default\" data-id=\"9e39c4d\" data-element_type=\"section\" data-e-type=\"section\" data-settings=\"{&quot;_ha_eqh_enable&quot;:false}\">\n\t\t\t\t\t\t<div class=\"elementor-container elementor-column-gap-default\">\n\t\t\t\t\t<div class=\"elementor-column elementor-col-100 elementor-top-column elementor-element elementor-element-928ffbf\" data-id=\"928ffbf\" data-element_type=\"column\" data-e-type=\"column\">\n\t\t\t<div class=\"elementor-widget-wrap elementor-element-populated\">\n\t\t\t\t\t\t<div class=\"elementor-element elementor-element-dc86786 elementor-widget elementor-widget-text-editor\" data-id=\"dc86786\" data-element_type=\"widget\" data-e-type=\"widget\" data-widget_type=\"text-editor.default\">\n\t\t\t\t<div class=\"elementor-widget-container\">\n\t\t\t\t\t\t\t\t\t<p><strong>Tendals J.Borras <\/strong>est un sp\u00e9cialiste de la protection solaire. Nous vous apportons notre exp\u00e9rience pour vos am\u00e9nagements ext\u00e9rieurs et int\u00e9rieurs.<\/p>\n<p>Notre groupe est reconnu pour la qualit\u00e9 et professionnalisme de son service. Notre m\u00e9tier est de vous garantir une r\u00e9ponse adapt\u00e9e \u00e0 vos exigences d\u2019am\u00e9nagement.<\/p>\n<p>Nous travaillons dur pour \u00eatre \u00e0 la pointe de la tendance du march\u00e9. Nous vous conseillons sur la solution la plus adapt\u00e9e \u00e0 votre besoin et les meilleurs produits qui r\u00e9pondent \u00e0 des normes de qualit\u00e9 strictes.<\/p>\n\t\t\t\t\t\t\t\t<\/div>\n\t\t\t\t<\/div>\n\t\t\t\t\t<\/div>\n\t\t<\/div>\n\t\t\t\t\t<\/div>\n\t\t<\/section>\n\t\t\t\t<section class=\"elementor-section elementor-top-section elementor-element elementor-element-3d18e83 elementor-section-boxed elementor-section-height-default elementor-section-height-default\" data-id=\"3d18e83\" data-element_type=\"section\" data-e-type=\"section\" data-settings=\"{&quot;_ha_eqh_enable&quot;:false}\">\n\t\t\t\t\t\t<div class=\"elementor-container elementor-column-gap-default\">\n\t\t\t\t\t<div class=\"elementor-column elementor-col-33 elementor-top-column elementor-element elementor-element-fb75f54\" data-id=\"fb75f54\" data-element_type=\"column\" data-e-type=\"column\">\n\t\t\t<div class=\"elementor-widget-wrap elementor-element-populated\">\n\t\t\t\t\t\t<div class=\"elementor-element elementor-element-b265fec elementor-view-framed elementor-shape-circle elementor-position-block-start elementor-mobile-position-block-start elementor-widget elementor-widget-icon-box\" data-id=\"b265fec\" data-element_type=\"widget\" data-e-type=\"widget\" data-widget_type=\"icon-box.default\">\n\t\t\t\t<div class=\"elementor-widget-container\">\n\t\t\t\t\t\t\t<div class=\"elementor-icon-box-wrapper\">\n\n\t\t\t\t\t\t<div class=\"elementor-icon-box-icon\">\n\t\t\t\t<span  class=\"elementor-icon elementor-animation-shrink\">\n\t\t\t\t<i aria-hidden=\"true\" class=\"hm hm-office-file\"><\/i>\t\t\t\t<\/span>\n\t\t\t<\/div>\n\t\t\t\n\t\t\t\t\t\t<div class=\"elementor-icon-box-content\">\n\n\t\t\t\t\t\t\t\t\t<h3 class=\"elementor-icon-box-title\">\n\t\t\t\t\t\t<span  >\n\t\t\t\t\t\t\tFORTE EXP\u00c9RIENCE\t\t\t\t\t\t<\/span>\n\t\t\t\t\t<\/h3>\n\t\t\t\t\n\t\t\t\t\t\t\t\t\t<p class=\"elementor-icon-box-description\">\n\t\t\t\t\t\tDes ann\u00e9es d\u2019exp\u00e9rience dans le march\u00e9 apportant un service et des produits de la plus haute qualit\u00e9.\t\t\t\t\t<\/p>\n\t\t\t\t\n\t\t\t<\/div>\n\t\t\t\n\t\t<\/div>\n\t\t\t\t\t\t<\/div>\n\t\t\t\t<\/div>\n\t\t\t\t\t<\/div>\n\t\t<\/div>\n\t\t\t\t<div class=\"elementor-column elementor-col-33 elementor-top-column elementor-element elementor-element-f04d848\" data-id=\"f04d848\" data-element_type=\"column\" data-e-type=\"column\">\n\t\t\t<div class=\"elementor-widget-wrap elementor-element-populated\">\n\t\t\t\t\t\t<div class=\"elementor-element elementor-element-67a683f elementor-view-framed elementor-shape-circle elementor-position-block-start elementor-mobile-position-block-start elementor-widget elementor-widget-icon-box\" data-id=\"67a683f\" data-element_type=\"widget\" data-e-type=\"widget\" data-widget_type=\"icon-box.default\">\n\t\t\t\t<div class=\"elementor-widget-container\">\n\t\t\t\t\t\t\t<div class=\"elementor-icon-box-wrapper\">\n\n\t\t\t\t\t\t<div class=\"elementor-icon-box-icon\">\n\t\t\t\t<span  class=\"elementor-icon elementor-animation-shrink\">\n\t\t\t\t<i aria-hidden=\"true\" class=\"hm hm-globe2\"><\/i>\t\t\t\t<\/span>\n\t\t\t<\/div>\n\t\t\t\n\t\t\t\t\t\t<div class=\"elementor-icon-box-content\">\n\n\t\t\t\t\t\t\t\t\t<h3 class=\"elementor-icon-box-title\">\n\t\t\t\t\t\t<span  >\n\t\t\t\t\t\t\tD\u00c9VELOPPEMENT ET NOUVELLES TECHNOLOGIES\t\t\t\t\t\t<\/span>\n\t\t\t\t\t<\/h3>\n\t\t\t\t\n\t\t\t\t\t\t\t\t\t<p class=\"elementor-icon-box-description\">\n\t\t\t\t\t\tChaque jour, nous utilisons des nouvelles technologies pour vous garantir les meilleurs produits et services.\t\t\t\t\t<\/p>\n\t\t\t\t\n\t\t\t<\/div>\n\t\t\t\n\t\t<\/div>\n\t\t\t\t\t\t<\/div>\n\t\t\t\t<\/div>\n\t\t\t\t\t<\/div>\n\t\t<\/div>\n\t\t\t\t<div class=\"elementor-column elementor-col-33 elementor-top-column elementor-element elementor-element-5eea8b7\" data-id=\"5eea8b7\" data-element_type=\"column\" data-e-type=\"column\">\n\t\t\t<div class=\"elementor-widget-wrap elementor-element-populated\">\n\t\t\t\t\t\t<div class=\"elementor-element elementor-element-4dea6ec elementor-view-framed elementor-shape-circle elementor-position-block-start elementor-mobile-position-block-start elementor-widget elementor-widget-icon-box\" data-id=\"4dea6ec\" data-element_type=\"widget\" data-e-type=\"widget\" data-widget_type=\"icon-box.default\">\n\t\t\t\t<div class=\"elementor-widget-container\">\n\t\t\t\t\t\t\t<div class=\"elementor-icon-box-wrapper\">\n\n\t\t\t\t\t\t<div class=\"elementor-icon-box-icon\">\n\t\t\t\t<span  class=\"elementor-icon elementor-animation-shrink\">\n\t\t\t\t<i aria-hidden=\"true\" class=\"hm hm-tick-circle\"><\/i>\t\t\t\t<\/span>\n\t\t\t<\/div>\n\t\t\t\n\t\t\t\t\t\t<div class=\"elementor-icon-box-content\">\n\n\t\t\t\t\t\t\t\t\t<h3 class=\"elementor-icon-box-title\">\n\t\t\t\t\t\t<span  >\n\t\t\t\t\t\t\tHAUTE QUALIT\u00c9 PAR EXCELLENCE\t\t\t\t\t\t<\/span>\n\t\t\t\t\t<\/h3>\n\t\t\t\t\n\t\t\t\t\t\t\t\t\t<p class=\"elementor-icon-box-description\">\n\t\t\t\t\t\tLa plus haute qualit\u00e9 dans notre gamme de produits.\t\t\t\t\t<\/p>\n\t\t\t\t\n\t\t\t<\/div>\n\t\t\t\n\t\t<\/div>\n\t\t\t\t\t\t<\/div>\n\t\t\t\t<\/div>\n\t\t\t\t\t<\/div>\n\t\t<\/div>\n\t\t\t\t\t<\/div>\n\t\t<\/section>\n\t\t\t\t<section class=\"elementor-section elementor-top-section elementor-element elementor-element-d31b022 elementor-section-boxed elementor-section-height-default elementor-section-height-default\" data-id=\"d31b022\" data-element_type=\"section\" data-e-type=\"section\" data-settings=\"{&quot;background_background&quot;:&quot;classic&quot;,&quot;_ha_eqh_enable&quot;:false}\">\n\t\t\t\t\t\t<div class=\"elementor-container elementor-column-gap-default\">\n\t\t\t\t\t<div class=\"elementor-column elementor-col-100 elementor-top-column elementor-element elementor-element-edaee8d\" data-id=\"edaee8d\" data-element_type=\"column\" data-e-type=\"column\">\n\t\t\t<div class=\"elementor-widget-wrap elementor-element-populated\">\n\t\t\t\t\t\t<div class=\"elementor-element elementor-element-3f00036 elementor-widget elementor-widget-heading\" data-id=\"3f00036\" data-element_type=\"widget\" data-e-type=\"widget\" data-widget_type=\"heading.default\">\n\t\t\t\t<div class=\"elementor-widget-container\">\n\t\t\t\t\t<h2 class=\"elementor-heading-title elementor-size-default\">TRAVAILLE AVEC NOUS<\/h2>\t\t\t\t<\/div>\n\t\t\t\t<\/div>\n\t\t\t\t<div class=\"elementor-element elementor-element-9ce2b79 elementor-widget elementor-widget-text-editor\" data-id=\"9ce2b79\" data-element_type=\"widget\" data-e-type=\"widget\" data-widget_type=\"text-editor.default\">\n\t\t\t\t<div class=\"elementor-widget-container\">\n\t\t\t\t\t\t\t\t\t<p>Nous recherchons des personnes de plus de 30 ans souhaitant travailler chez Tendals J.Borras.<\/p>\n<p>Rejoins notre \u00e9quipe!<\/p>\n\t\t\t\t\t\t\t\t<\/div>\n\t\t\t\t<\/div>\n\t\t\t\t<div class=\"elementor-element elementor-element-a3fcd5e elementor-align-center elementor-mobile-align-center elementor-widget elementor-widget-button\" data-id=\"a3fcd5e\" data-element_type=\"widget\" data-e-type=\"widget\" data-widget_type=\"button.default\">\n\t\t\t\t<div class=\"elementor-widget-container\">\n\t\t\t\t\t\t\t\t\t<div class=\"elementor-button-wrapper\">\n\t\t\t\t\t<a class=\"elementor-button elementor-button-link elementor-size-lg\" href=\"https:\/\/tendalsjborras.com\/fr\/contactez-nous\/\">\n\t\t\t\t\t\t<span class=\"elementor-button-content-wrapper\">\n\t\t\t\t\t\t\t\t\t<span class=\"elementor-button-text\">Contactez-nous<\/span>\n\t\t\t\t\t<\/span>\n\t\t\t\t\t<\/a>\n\t\t\t\t<\/div>\n\t\t\t\t\t\t\t\t<\/div>\n\t\t\t\t<\/div>\n\t\t\t\t<div class=\"elementor-element elementor-element-6bcd628 elementor-widget elementor-widget-spacer\" data-id=\"6bcd628\" data-element_type=\"widget\" data-e-type=\"widget\" data-widget_type=\"spacer.default\">\n\t\t\t\t<div class=\"elementor-widget-container\">\n\t\t\t\t\t\t\t<div class=\"elementor-spacer\">\n\t\t\t<div class=\"elementor-spacer-inner\"><\/div>\n\t\t<\/div>\n\t\t\t\t\t\t<\/div>\n\t\t\t\t<\/div>\n\t\t\t\t<div class=\"elementor-element elementor-element-45a3bc4 elementor-widget elementor-widget-text-editor\" data-id=\"45a3bc4\" data-element_type=\"widget\" data-e-type=\"widget\" data-widget_type=\"text-editor.default\">\n\t\t\t\t<div class=\"elementor-widget-container\">\n\t\t\t\t\t\t\t\t\t<p>\u00ab\u00a0Cette action est promue et subventionn\u00e9e par le Service Public d&rsquo;Emploi de Catalogne et financ\u00e9e \u00e0 100% par le Fonds Social Europ\u00e9en dans le cadre de la r\u00e9ponse de l&rsquo;Union europ\u00e9enne \u00e0 la pand\u00e9mie de COVID-19\u00a0\u00bb<\/p>\n\t\t\t\t\t\t\t\t<\/div>\n\t\t\t\t<\/div>\n\t\t\t\t\t<\/div>\n\t\t<\/div>\n\t\t\t\t\t<\/div>\n\t\t<\/section>\n\t\t\t\t<\/div>\n\t\t","protected":false},"excerpt":{"rendered":"<p>Entreprise Tendals J.Borras est un sp\u00e9cialiste de la protection solaire. Nous vous apportons notre exp\u00e9rience pour vos am\u00e9nagements ext\u00e9rieurs et int\u00e9rieurs. Notre groupe est reconnu pour la qualit\u00e9 et professionnalisme de son service. Notre m\u00e9tier est de vous garantir une r\u00e9ponse adapt\u00e9e \u00e0 vos exigences d\u2019am\u00e9nagement. Nous travaillons dur pour \u00eatre \u00e0 la pointe de [&hellip;]<\/p>\n","protected":false},"author":1,"featured_media":0,"parent":0,"menu_order":0,"comment_status":"closed","ping_status":"closed","template":"","meta":{"_uf_show_specific_survey":0,"_uf_disable_surveys":false,"site-sidebar-layout":"no-sidebar","site-content-layout":"page-builder","ast-site-content-layout":"default","site-content-style":"default","site-sidebar-style":"default","ast-global-header-display":"","ast-banner-title-visibility":"","ast-main-header-display":"","ast-hfb-above-header-display":"","ast-hfb-below-header-display":"","ast-hfb-mobile-header-display":"","site-post-title":"disabled","ast-breadcrumbs-content":"","ast-featured-img":"disabled","footer-sml-layout":"","ast-disable-related-posts":"","theme-transparent-header-meta":"","adv-header-id-meta":"","stick-header-meta":"","header-above-stick-meta":"","header-main-stick-meta":"","header-below-stick-meta":"","astra-migrate-meta-layouts":"default","ast-page-background-enabled":"default","ast-page-background-meta":{"desktop":{"background-color":"","background-image":"","background-repeat":"repeat","background-position":"center center","background-size":"auto","background-attachment":"scroll","background-type":"","background-media":"","overlay-type":"","overlay-color":"","overlay-opacity":"","overlay-gradient":""},"tablet":{"background-color":"","background-image":"","background-repeat":"repeat","background-position":"center center","background-size":"auto","background-attachment":"scroll","background-type":"","background-media":"","overlay-type":"","overlay-color":"","overlay-opacity":"","overlay-gradient":""},"mobile":{"background-color":"","background-image":"","background-repeat":"repeat","background-position":"center center","background-size":"auto","background-attachment":"scroll","background-type":"","background-media":"","overlay-type":"","overlay-color":"","overlay-opacity":"","overlay-gradient":""}},"ast-content-background-meta":{"desktop":{"background-color":"var(--ast-global-color-5)","background-image":"","background-repeat":"repeat","background-position":"center center","background-size":"auto","background-attachment":"scroll","background-type":"","background-media":"","overlay-type":"","overlay-color":"","overlay-opacity":"","overlay-gradient":""},"tablet":{"background-color":"var(--ast-global-color-5)","background-image":"","background-repeat":"repeat","background-position":"center center","background-size":"auto","background-attachment":"scroll","background-type":"","background-media":"","overlay-type":"","overlay-color":"","overlay-opacity":"","overlay-gradient":""},"mobile":{"background-color":"var(--ast-global-color-5)","background-image":"","background-repeat":"repeat","background-position":"center center","background-size":"auto","background-attachment":"scroll","background-type":"","background-media":"","overlay-type":"","overlay-color":"","overlay-opacity":"","overlay-gradient":""}},"footnotes":""},"class_list":["post-407","page","type-page","status-publish","hentry"],"yoast_head":"<!-- This site is optimized with the Yoast SEO plugin v27.2 - https:\/\/yoast.com\/product\/yoast-seo-wordpress\/ -->\n<title>Entreprise - Tendals J.Borras<\/title>\n<meta name=\"description\" content=\"Notre groupe est reconnu pour la qualit\u00e9 et professionnalisme de son service. Notre m\u00e9tier est de vous garantir une r\u00e9ponse adapt\u00e9e \u00e0 vos exigences d\u2019am\u00e9nagement.\" \/>\n<meta name=\"robots\" content=\"index, follow, max-snippet:-1, max-image-preview:large, max-video-preview:-1\" \/>\n<link rel=\"canonical\" href=\"https:\/\/tendalsjborras.com\/fr\/entreprise\/\" \/>\n<meta property=\"og:locale\" content=\"fr_FR\" \/>\n<meta property=\"og:type\" content=\"article\" \/>\n<meta property=\"og:title\" content=\"Entreprise - Tendals J.Borras\" \/>\n<meta property=\"og:description\" content=\"Notre groupe est reconnu pour la qualit\u00e9 et professionnalisme de son service. Notre m\u00e9tier est de vous garantir une r\u00e9ponse adapt\u00e9e \u00e0 vos exigences d\u2019am\u00e9nagement.\" \/>\n<meta property=\"og:url\" content=\"https:\/\/tendalsjborras.com\/fr\/entreprise\/\" \/>\n<meta property=\"og:site_name\" content=\"Tendals J.Borras\" \/>\n<meta property=\"article:publisher\" content=\"https:\/\/www.facebook.com\/TendalsJBorras\/\" \/>\n<meta property=\"article:modified_time\" content=\"2024-03-21T22:09:33+00:00\" \/>\n<meta name=\"twitter:card\" content=\"summary_large_image\" \/>\n<meta name=\"twitter:label1\" content=\"Dur\u00e9e de lecture estim\u00e9e\" \/>\n\t<meta name=\"twitter:data1\" content=\"1 minute\" \/>\n<script type=\"application\/ld+json\" class=\"yoast-schema-graph\">{\"@context\":\"https:\/\/schema.org\",\"@graph\":[{\"@type\":\"WebPage\",\"@id\":\"https:\/\/tendalsjborras.com\/fr\/entreprise\/\",\"url\":\"https:\/\/tendalsjborras.com\/fr\/entreprise\/\",\"name\":\"Entreprise - Tendals J.Borras\",\"isPartOf\":{\"@id\":\"https:\/\/tendalsjborras.com\/fr\/#website\"},\"datePublished\":\"2022-04-24T06:14:13+00:00\",\"dateModified\":\"2024-03-21T22:09:33+00:00\",\"description\":\"Notre groupe est reconnu pour la qualit\u00e9 et professionnalisme de son service. Notre m\u00e9tier est de vous garantir une r\u00e9ponse adapt\u00e9e \u00e0 vos exigences d\u2019am\u00e9nagement.\",\"breadcrumb\":{\"@id\":\"https:\/\/tendalsjborras.com\/fr\/entreprise\/#breadcrumb\"},\"inLanguage\":\"fr-FR\",\"potentialAction\":[{\"@type\":\"ReadAction\",\"target\":[\"https:\/\/tendalsjborras.com\/fr\/entreprise\/\"]}]},{\"@type\":\"BreadcrumbList\",\"@id\":\"https:\/\/tendalsjborras.com\/fr\/entreprise\/#breadcrumb\",\"itemListElement\":[{\"@type\":\"ListItem\",\"position\":1,\"name\":\"Portada\",\"item\":\"https:\/\/tendalsjborras.com\/fr\/\"},{\"@type\":\"ListItem\",\"position\":2,\"name\":\"Entreprise\"}]},{\"@type\":\"WebSite\",\"@id\":\"https:\/\/tendalsjborras.com\/fr\/#website\",\"url\":\"https:\/\/tendalsjborras.com\/fr\/\",\"name\":\"Tendals J.Borras\",\"description\":\"Stores, pergolas et voiles \u00e0 Tarragone\",\"publisher\":{\"@id\":\"https:\/\/tendalsjborras.com\/fr\/#organization\"},\"potentialAction\":[{\"@type\":\"SearchAction\",\"target\":{\"@type\":\"EntryPoint\",\"urlTemplate\":\"https:\/\/tendalsjborras.com\/fr\/?s={search_term_string}\"},\"query-input\":{\"@type\":\"PropertyValueSpecification\",\"valueRequired\":true,\"valueName\":\"search_term_string\"}}],\"inLanguage\":\"fr-FR\"},{\"@type\":\"Organization\",\"@id\":\"https:\/\/tendalsjborras.com\/fr\/#organization\",\"name\":\"Tendals J.Borras\",\"url\":\"https:\/\/tendalsjborras.com\/fr\/\",\"logo\":{\"@type\":\"ImageObject\",\"inLanguage\":\"fr-FR\",\"@id\":\"https:\/\/tendalsjborras.com\/fr\/#\/schema\/logo\/image\/\",\"url\":\"https:\/\/tendalsjborras.com\/wp-content\/uploads\/2021\/12\/logo-tendalsjborras.png\",\"contentUrl\":\"https:\/\/tendalsjborras.com\/wp-content\/uploads\/2021\/12\/logo-tendalsjborras.png\",\"width\":422,\"height\":230,\"caption\":\"Tendals J.Borras\"},\"image\":{\"@id\":\"https:\/\/tendalsjborras.com\/fr\/#\/schema\/logo\/image\/\"},\"sameAs\":[\"https:\/\/www.facebook.com\/TendalsJBorras\/\",\"https:\/\/www.instagram.com\/tendalsjborras\/\"]}]}<\/script>\n<!-- \/ Yoast SEO plugin. -->","yoast_head_json":{"title":"Entreprise - Tendals J.Borras","description":"Notre groupe est reconnu pour la qualit\u00e9 et professionnalisme de son service. Notre m\u00e9tier est de vous garantir une r\u00e9ponse adapt\u00e9e \u00e0 vos exigences d\u2019am\u00e9nagement.","robots":{"index":"index","follow":"follow","max-snippet":"max-snippet:-1","max-image-preview":"max-image-preview:large","max-video-preview":"max-video-preview:-1"},"canonical":"https:\/\/tendalsjborras.com\/fr\/entreprise\/","og_locale":"fr_FR","og_type":"article","og_title":"Entreprise - Tendals J.Borras","og_description":"Notre groupe est reconnu pour la qualit\u00e9 et professionnalisme de son service. Notre m\u00e9tier est de vous garantir une r\u00e9ponse adapt\u00e9e \u00e0 vos exigences d\u2019am\u00e9nagement.","og_url":"https:\/\/tendalsjborras.com\/fr\/entreprise\/","og_site_name":"Tendals J.Borras","article_publisher":"https:\/\/www.facebook.com\/TendalsJBorras\/","article_modified_time":"2024-03-21T22:09:33+00:00","twitter_card":"summary_large_image","twitter_misc":{"Dur\u00e9e de lecture estim\u00e9e":"1 minute"},"schema":{"@context":"https:\/\/schema.org","@graph":[{"@type":"WebPage","@id":"https:\/\/tendalsjborras.com\/fr\/entreprise\/","url":"https:\/\/tendalsjborras.com\/fr\/entreprise\/","name":"Entreprise - Tendals J.Borras","isPartOf":{"@id":"https:\/\/tendalsjborras.com\/fr\/#website"},"datePublished":"2022-04-24T06:14:13+00:00","dateModified":"2024-03-21T22:09:33+00:00","description":"Notre groupe est reconnu pour la qualit\u00e9 et professionnalisme de son service. Notre m\u00e9tier est de vous garantir une r\u00e9ponse adapt\u00e9e \u00e0 vos exigences d\u2019am\u00e9nagement.","breadcrumb":{"@id":"https:\/\/tendalsjborras.com\/fr\/entreprise\/#breadcrumb"},"inLanguage":"fr-FR","potentialAction":[{"@type":"ReadAction","target":["https:\/\/tendalsjborras.com\/fr\/entreprise\/"]}]},{"@type":"BreadcrumbList","@id":"https:\/\/tendalsjborras.com\/fr\/entreprise\/#breadcrumb","itemListElement":[{"@type":"ListItem","position":1,"name":"Portada","item":"https:\/\/tendalsjborras.com\/fr\/"},{"@type":"ListItem","position":2,"name":"Entreprise"}]},{"@type":"WebSite","@id":"https:\/\/tendalsjborras.com\/fr\/#website","url":"https:\/\/tendalsjborras.com\/fr\/","name":"Tendals J.Borras","description":"Stores, pergolas et voiles \u00e0 Tarragone","publisher":{"@id":"https:\/\/tendalsjborras.com\/fr\/#organization"},"potentialAction":[{"@type":"SearchAction","target":{"@type":"EntryPoint","urlTemplate":"https:\/\/tendalsjborras.com\/fr\/?s={search_term_string}"},"query-input":{"@type":"PropertyValueSpecification","valueRequired":true,"valueName":"search_term_string"}}],"inLanguage":"fr-FR"},{"@type":"Organization","@id":"https:\/\/tendalsjborras.com\/fr\/#organization","name":"Tendals J.Borras","url":"https:\/\/tendalsjborras.com\/fr\/","logo":{"@type":"ImageObject","inLanguage":"fr-FR","@id":"https:\/\/tendalsjborras.com\/fr\/#\/schema\/logo\/image\/","url":"https:\/\/tendalsjborras.com\/wp-content\/uploads\/2021\/12\/logo-tendalsjborras.png","contentUrl":"https:\/\/tendalsjborras.com\/wp-content\/uploads\/2021\/12\/logo-tendalsjborras.png","width":422,"height":230,"caption":"Tendals J.Borras"},"image":{"@id":"https:\/\/tendalsjborras.com\/fr\/#\/schema\/logo\/image\/"},"sameAs":["https:\/\/www.facebook.com\/TendalsJBorras\/","https:\/\/www.instagram.com\/tendalsjborras\/"]}]}},"_links":{"self":[{"href":"https:\/\/tendalsjborras.com\/fr\/wp-json\/wp\/v2\/pages\/407","targetHints":{"allow":["GET"]}}],"collection":[{"href":"https:\/\/tendalsjborras.com\/fr\/wp-json\/wp\/v2\/pages"}],"about":[{"href":"https:\/\/tendalsjborras.com\/fr\/wp-json\/wp\/v2\/types\/page"}],"author":[{"embeddable":true,"href":"https:\/\/tendalsjborras.com\/fr\/wp-json\/wp\/v2\/users\/1"}],"replies":[{"embeddable":true,"href":"https:\/\/tendalsjborras.com\/fr\/wp-json\/wp\/v2\/comments?post=407"}],"version-history":[{"count":2,"href":"https:\/\/tendalsjborras.com\/fr\/wp-json\/wp\/v2\/pages\/407\/revisions"}],"predecessor-version":[{"id":743,"href":"https:\/\/tendalsjborras.com\/fr\/wp-json\/wp\/v2\/pages\/407\/revisions\/743"}],"wp:attachment":[{"href":"https:\/\/tendalsjborras.com\/fr\/wp-json\/wp\/v2\/media?parent=407"}],"curies":[{"name":"wp","href":"https:\/\/api.w.org\/{rel}","templated":true}]}}