{"id":418,"date":"2022-04-24T08:30:58","date_gmt":"2022-04-24T06:30:58","guid":{"rendered":"https:\/\/tendalsjborras.com\/politique-de-cookies\/"},"modified":"2025-02-13T23:51:36","modified_gmt":"2025-02-13T22:51:36","slug":"politique-de-cookies","status":"publish","type":"page","link":"https:\/\/tendalsjborras.com\/fr\/politique-de-cookies\/","title":{"rendered":"Politique de cookies"},"content":{"rendered":"\n<p>Date d&rsquo;entr\u00e9e en vigueur : 21 mars 2024<br>Derni\u00e8re mise \u00e0 jour : 21 mars 2024<\/p>\n\n\n\n<h5 class=\"wp-block-heading\">Que sont les cookies ?<\/h5>\n\n\n\n<p>Cette politique en mati\u00e8re de cookies explique ce que sont les cookies et comment nous les utilisons, les types de cookies que nous utilisons, c&rsquo;est-\u00e0-dire les informations que nous collectons \u00e0 l&rsquo;aide des cookies et comment ces informations sont utilis\u00e9es, et comment g\u00e9rer les param\u00e8tres des cookies.<\/p>\n\n\n\n<p>Les cookies sont de petits fichiers texte utilis\u00e9s pour stocker de petites informations. Ils sont stock\u00e9s sur votre appareil lorsque le site Internet est charg\u00e9 sur votre navigateur. Ces cookies nous aident \u00e0 faire fonctionner le site Web correctement, \u00e0 le rendre plus s\u00e9curis\u00e9, \u00e0 offrir une meilleure exp\u00e9rience utilisateur, \u00e0 comprendre les performances du site Web et \u00e0 analyser ce qui fonctionne et o\u00f9 il doit \u00eatre am\u00e9lior\u00e9.<\/p>\n\n\n\n<h5 class=\"wp-block-heading\">Comment utilisons-nous les cookies ?<\/h5>\n\n\n\n<p>Comme la plupart des services en ligne, notre site Web utilise des cookies propri\u00e9taires et tiers \u00e0 plusieurs fins. Les cookies de premi\u00e8re partie sont pour la plupart n\u00e9cessaires au bon fonctionnement du site Web et ils ne collectent aucune de vos donn\u00e9es personnelles identifiables.<\/p>\n\n\n\n<p>Les cookies tiers utilis\u00e9s sur notre site Web servent principalement \u00e0 comprendre les performances du site Web, la fa\u00e7on dont vous interagissez avec notre site Web, \u00e0 assurer la s\u00e9curit\u00e9 de nos services, \u00e0 fournir des publicit\u00e9s qui vous int\u00e9ressent et, dans l&rsquo;ensemble, \u00e0 vous offrir un utilisateur meilleur et am\u00e9lior\u00e9. exp\u00e9rience et vous aider \u00e0 acc\u00e9l\u00e9rer vos futures interactions avec notre site Web.<\/p>\n\n\n\n<h5 class=\"wp-block-heading\">Types de cookies que nous utilisons<\/h5>\n\n\n\n<div class=\"cky-audit-table-element\"><\/div>\n\n\n\n<h5 class=\"wp-block-heading\">G\u00e9rer les pr\u00e9f\u00e9rences en mati\u00e8re de cookies<\/h5>\n\n\n\n<p><a>Param\u00e8tres des cookies<\/a><\/p>\n\n\n\n<p>Vous pouvez modifier vos pr\u00e9f\u00e9rences en mati\u00e8re de cookies \u00e0 tout moment en cliquant sur le bouton ci-dessus. Cela vous permettra de revoir la banni\u00e8re de consentement aux cookies et de modifier vos pr\u00e9f\u00e9rences ou de retirer votre consentement imm\u00e9diatement.<\/p>\n\n\n\n<p>En plus de cela, diff\u00e9rents navigateurs proposent diff\u00e9rentes m\u00e9thodes pour bloquer et supprimer les cookies utilis\u00e9s par les sites Web. Vous pouvez modifier les param\u00e8tres de votre navigateur pour bloquer\/supprimer les cookies. Vous trouverez ci-dessous les liens vers les documents d&rsquo;assistance sur la fa\u00e7on de g\u00e9rer et de supprimer les cookies des principaux navigateurs Web.<\/p>\n\n\n\n<p>Chrome&nbsp;:&nbsp;<a href=\"https:\/\/support.google.com\/accounts\/answer\/32050\" target=\"_blank\" rel=\"noreferrer noopener\">https:\/\/support.google.com\/accounts\/answer\/32050<\/a><\/p>\n\n\n\n<p>Safari&nbsp;:&nbsp;<a href=\"https:\/\/support.apple.com\/en-in\/guide\/safari\/sfri11471\/mac\" target=\"_blank\" rel=\"noreferrer noopener\">https:\/\/support.apple.com\/en-in\/guide\/safari\/sfri11471\/mac<\/a><\/p>\n\n\n\n<p>Firefox&nbsp;:&nbsp;<a href=\"https:\/\/support.mozilla.org\/en-US\/kb\/clear-cookies-and-site-data-firefox?redirectslug=delete-cookies-remove-info-websites-stored&amp;redirectlocale=en-US\" target=\"_blank\" rel=\"noreferrer noopener\">https:\/\/support.mozilla.org\/en-US\/kb\/clear-cookies-and-site-data-firefox?redirectslug=delete-cookies-remove-info-websites-stored&amp;redirectlocale=en-US<\/a><\/p>\n\n\n\n<p>Internet Explorer&nbsp;:&nbsp;<a href=\"https:\/\/support.microsoft.com\/en-us\/topic\/how-to-delete-cookie-files-in-internet-explorer-bca9446f-d873-78de-77ba-d42645fa52fc\" target=\"_blank\" rel=\"noreferrer noopener\">https:\/\/support.microsoft.com\/en-us\/topic\/how-to-delete-cookie-files-in-internet-explorer-bca9446f-d873-78de-77ba-d42645fa52fc<\/a><\/p>\n\n\n\n<p>Si vous utilisez un autre navigateur Web, veuillez consulter les documents d&rsquo;assistance officiels de votre navigateur.<\/p>\n\n\n\n<p>Politique de cookies g\u00e9n\u00e9r\u00e9e par\u00a0<a href=\"https:\/\/www.cookieyes.com\/?utm_source=CP&amp;utm_medium=footer&amp;utm_campaign=UW\" target=\"_blank\" rel=\"noreferrer noopener\">CookieYes &#8211; G\u00e9n\u00e9rateur de politique de cookies<\/a>.<\/p>\n","protected":false},"excerpt":{"rendered":"<p>Date d&rsquo;entr\u00e9e en vigueur : 21 mars 2024Derni\u00e8re mise \u00e0 jour : 21 mars 2024 Que sont les cookies ? Cette politique en mati\u00e8re de cookies explique ce que sont les cookies et comment nous les utilisons, les types de cookies que nous utilisons, c&rsquo;est-\u00e0-dire les informations que nous collectons \u00e0 l&rsquo;aide des cookies et [&hellip;]<\/p>\n","protected":false},"author":1,"featured_media":0,"parent":0,"menu_order":0,"comment_status":"closed","ping_status":"closed","template":"","meta":{"_uf_show_specific_survey":0,"_uf_disable_surveys":false,"site-sidebar-layout":"default","site-content-layout":"","ast-site-content-layout":"default","site-content-style":"default","site-sidebar-style":"default","ast-global-header-display":"","ast-banner-title-visibility":"","ast-main-header-display":"","ast-hfb-above-header-display":"","ast-hfb-below-header-display":"","ast-hfb-mobile-header-display":"","site-post-title":"","ast-breadcrumbs-content":"","ast-featured-img":"","footer-sml-layout":"","ast-disable-related-posts":"","theme-transparent-header-meta":"","adv-header-id-meta":"","stick-header-meta":"","header-above-stick-meta":"","header-main-stick-meta":"","header-below-stick-meta":"","astra-migrate-meta-layouts":"set","ast-page-background-enabled":"default","ast-page-background-meta":{"desktop":{"background-color":"","background-image":"","background-repeat":"repeat","background-position":"center center","background-size":"auto","background-attachment":"scroll","background-type":"","background-media":"","overlay-type":"","overlay-color":"","overlay-opacity":"","overlay-gradient":""},"tablet":{"background-color":"","background-image":"","background-repeat":"repeat","background-position":"center center","background-size":"auto","background-attachment":"scroll","background-type":"","background-media":"","overlay-type":"","overlay-color":"","overlay-opacity":"","overlay-gradient":""},"mobile":{"background-color":"","background-image":"","background-repeat":"repeat","background-position":"center center","background-size":"auto","background-attachment":"scroll","background-type":"","background-media":"","overlay-type":"","overlay-color":"","overlay-opacity":"","overlay-gradient":""}},"ast-content-background-meta":{"desktop":{"background-color":"var(--ast-global-color-5)","background-image":"","background-repeat":"repeat","background-position":"center center","background-size":"auto","background-attachment":"scroll","background-type":"","background-media":"","overlay-type":"","overlay-color":"","overlay-opacity":"","overlay-gradient":""},"tablet":{"background-color":"var(--ast-global-color-5)","background-image":"","background-repeat":"repeat","background-position":"center center","background-size":"auto","background-attachment":"scroll","background-type":"","background-media":"","overlay-type":"","overlay-color":"","overlay-opacity":"","overlay-gradient":""},"mobile":{"background-color":"var(--ast-global-color-5)","background-image":"","background-repeat":"repeat","background-position":"center center","background-size":"auto","background-attachment":"scroll","background-type":"","background-media":"","overlay-type":"","overlay-color":"","overlay-opacity":"","overlay-gradient":""}},"footnotes":""},"class_list":["post-418","page","type-page","status-publish","hentry"],"yoast_head":"<!-- This site is optimized with the Yoast SEO plugin v27.2 - https:\/\/yoast.com\/product\/yoast-seo-wordpress\/ -->\n<title>Politique de cookies - Tendals J.Borras<\/title>\n<meta name=\"description\" content=\"Politique de cookies du site Tendals J. Borras.\" \/>\n<meta name=\"robots\" content=\"index, follow, max-snippet:-1, max-image-preview:large, max-video-preview:-1\" \/>\n<link rel=\"canonical\" href=\"https:\/\/tendalsjborras.com\/fr\/politique-de-cookies\/\" \/>\n<meta property=\"og:locale\" content=\"fr_FR\" \/>\n<meta property=\"og:type\" content=\"article\" \/>\n<meta property=\"og:title\" content=\"Politique de cookies - Tendals J.Borras\" \/>\n<meta property=\"og:description\" content=\"Politique de cookies du site Tendals J. Borras.\" \/>\n<meta property=\"og:url\" content=\"https:\/\/tendalsjborras.com\/fr\/politique-de-cookies\/\" \/>\n<meta property=\"og:site_name\" content=\"Tendals J.Borras\" \/>\n<meta property=\"article:publisher\" content=\"https:\/\/www.facebook.com\/TendalsJBorras\/\" \/>\n<meta property=\"article:modified_time\" content=\"2025-02-13T22:51:36+00:00\" \/>\n<meta name=\"twitter:card\" content=\"summary_large_image\" \/>\n<meta name=\"twitter:label1\" content=\"Dur\u00e9e de lecture estim\u00e9e\" \/>\n\t<meta name=\"twitter:data1\" content=\"2 minutes\" \/>\n<script type=\"application\/ld+json\" class=\"yoast-schema-graph\">{\"@context\":\"https:\/\/schema.org\",\"@graph\":[{\"@type\":\"WebPage\",\"@id\":\"https:\/\/tendalsjborras.com\/fr\/politique-de-cookies\/\",\"url\":\"https:\/\/tendalsjborras.com\/fr\/politique-de-cookies\/\",\"name\":\"Politique de cookies - Tendals J.Borras\",\"isPartOf\":{\"@id\":\"https:\/\/tendalsjborras.com\/fr\/#website\"},\"datePublished\":\"2022-04-24T06:30:58+00:00\",\"dateModified\":\"2025-02-13T22:51:36+00:00\",\"description\":\"Politique de cookies du site Tendals J. Borras.\",\"breadcrumb\":{\"@id\":\"https:\/\/tendalsjborras.com\/fr\/politique-de-cookies\/#breadcrumb\"},\"inLanguage\":\"fr-FR\",\"potentialAction\":[{\"@type\":\"ReadAction\",\"target\":[\"https:\/\/tendalsjborras.com\/fr\/politique-de-cookies\/\"]}]},{\"@type\":\"BreadcrumbList\",\"@id\":\"https:\/\/tendalsjborras.com\/fr\/politique-de-cookies\/#breadcrumb\",\"itemListElement\":[{\"@type\":\"ListItem\",\"position\":1,\"name\":\"Portada\",\"item\":\"https:\/\/tendalsjborras.com\/fr\/\"},{\"@type\":\"ListItem\",\"position\":2,\"name\":\"Politique de cookies\"}]},{\"@type\":\"WebSite\",\"@id\":\"https:\/\/tendalsjborras.com\/fr\/#website\",\"url\":\"https:\/\/tendalsjborras.com\/fr\/\",\"name\":\"Tendals J.Borras\",\"description\":\"Stores, pergolas et voiles \u00e0 Tarragone\",\"publisher\":{\"@id\":\"https:\/\/tendalsjborras.com\/fr\/#organization\"},\"potentialAction\":[{\"@type\":\"SearchAction\",\"target\":{\"@type\":\"EntryPoint\",\"urlTemplate\":\"https:\/\/tendalsjborras.com\/fr\/?s={search_term_string}\"},\"query-input\":{\"@type\":\"PropertyValueSpecification\",\"valueRequired\":true,\"valueName\":\"search_term_string\"}}],\"inLanguage\":\"fr-FR\"},{\"@type\":\"Organization\",\"@id\":\"https:\/\/tendalsjborras.com\/fr\/#organization\",\"name\":\"Tendals J.Borras\",\"url\":\"https:\/\/tendalsjborras.com\/fr\/\",\"logo\":{\"@type\":\"ImageObject\",\"inLanguage\":\"fr-FR\",\"@id\":\"https:\/\/tendalsjborras.com\/fr\/#\/schema\/logo\/image\/\",\"url\":\"https:\/\/tendalsjborras.com\/wp-content\/uploads\/2021\/12\/logo-tendalsjborras.png\",\"contentUrl\":\"https:\/\/tendalsjborras.com\/wp-content\/uploads\/2021\/12\/logo-tendalsjborras.png\",\"width\":422,\"height\":230,\"caption\":\"Tendals J.Borras\"},\"image\":{\"@id\":\"https:\/\/tendalsjborras.com\/fr\/#\/schema\/logo\/image\/\"},\"sameAs\":[\"https:\/\/www.facebook.com\/TendalsJBorras\/\",\"https:\/\/www.instagram.com\/tendalsjborras\/\"]}]}<\/script>\n<!-- \/ Yoast SEO plugin. -->","yoast_head_json":{"title":"Politique de cookies - Tendals J.Borras","description":"Politique de cookies du site Tendals J. Borras.","robots":{"index":"index","follow":"follow","max-snippet":"max-snippet:-1","max-image-preview":"max-image-preview:large","max-video-preview":"max-video-preview:-1"},"canonical":"https:\/\/tendalsjborras.com\/fr\/politique-de-cookies\/","og_locale":"fr_FR","og_type":"article","og_title":"Politique de cookies - Tendals J.Borras","og_description":"Politique de cookies du site Tendals J. Borras.","og_url":"https:\/\/tendalsjborras.com\/fr\/politique-de-cookies\/","og_site_name":"Tendals J.Borras","article_publisher":"https:\/\/www.facebook.com\/TendalsJBorras\/","article_modified_time":"2025-02-13T22:51:36+00:00","twitter_card":"summary_large_image","twitter_misc":{"Dur\u00e9e de lecture estim\u00e9e":"2 minutes"},"schema":{"@context":"https:\/\/schema.org","@graph":[{"@type":"WebPage","@id":"https:\/\/tendalsjborras.com\/fr\/politique-de-cookies\/","url":"https:\/\/tendalsjborras.com\/fr\/politique-de-cookies\/","name":"Politique de cookies - Tendals J.Borras","isPartOf":{"@id":"https:\/\/tendalsjborras.com\/fr\/#website"},"datePublished":"2022-04-24T06:30:58+00:00","dateModified":"2025-02-13T22:51:36+00:00","description":"Politique de cookies du site Tendals J. Borras.","breadcrumb":{"@id":"https:\/\/tendalsjborras.com\/fr\/politique-de-cookies\/#breadcrumb"},"inLanguage":"fr-FR","potentialAction":[{"@type":"ReadAction","target":["https:\/\/tendalsjborras.com\/fr\/politique-de-cookies\/"]}]},{"@type":"BreadcrumbList","@id":"https:\/\/tendalsjborras.com\/fr\/politique-de-cookies\/#breadcrumb","itemListElement":[{"@type":"ListItem","position":1,"name":"Portada","item":"https:\/\/tendalsjborras.com\/fr\/"},{"@type":"ListItem","position":2,"name":"Politique de cookies"}]},{"@type":"WebSite","@id":"https:\/\/tendalsjborras.com\/fr\/#website","url":"https:\/\/tendalsjborras.com\/fr\/","name":"Tendals J.Borras","description":"Stores, pergolas et voiles \u00e0 Tarragone","publisher":{"@id":"https:\/\/tendalsjborras.com\/fr\/#organization"},"potentialAction":[{"@type":"SearchAction","target":{"@type":"EntryPoint","urlTemplate":"https:\/\/tendalsjborras.com\/fr\/?s={search_term_string}"},"query-input":{"@type":"PropertyValueSpecification","valueRequired":true,"valueName":"search_term_string"}}],"inLanguage":"fr-FR"},{"@type":"Organization","@id":"https:\/\/tendalsjborras.com\/fr\/#organization","name":"Tendals J.Borras","url":"https:\/\/tendalsjborras.com\/fr\/","logo":{"@type":"ImageObject","inLanguage":"fr-FR","@id":"https:\/\/tendalsjborras.com\/fr\/#\/schema\/logo\/image\/","url":"https:\/\/tendalsjborras.com\/wp-content\/uploads\/2021\/12\/logo-tendalsjborras.png","contentUrl":"https:\/\/tendalsjborras.com\/wp-content\/uploads\/2021\/12\/logo-tendalsjborras.png","width":422,"height":230,"caption":"Tendals J.Borras"},"image":{"@id":"https:\/\/tendalsjborras.com\/fr\/#\/schema\/logo\/image\/"},"sameAs":["https:\/\/www.facebook.com\/TendalsJBorras\/","https:\/\/www.instagram.com\/tendalsjborras\/"]}]}},"_links":{"self":[{"href":"https:\/\/tendalsjborras.com\/fr\/wp-json\/wp\/v2\/pages\/418","targetHints":{"allow":["GET"]}}],"collection":[{"href":"https:\/\/tendalsjborras.com\/fr\/wp-json\/wp\/v2\/pages"}],"about":[{"href":"https:\/\/tendalsjborras.com\/fr\/wp-json\/wp\/v2\/types\/page"}],"author":[{"embeddable":true,"href":"https:\/\/tendalsjborras.com\/fr\/wp-json\/wp\/v2\/users\/1"}],"replies":[{"embeddable":true,"href":"https:\/\/tendalsjborras.com\/fr\/wp-json\/wp\/v2\/comments?post=418"}],"version-history":[{"count":1,"href":"https:\/\/tendalsjborras.com\/fr\/wp-json\/wp\/v2\/pages\/418\/revisions"}],"predecessor-version":[{"id":728,"href":"https:\/\/tendalsjborras.com\/fr\/wp-json\/wp\/v2\/pages\/418\/revisions\/728"}],"wp:attachment":[{"href":"https:\/\/tendalsjborras.com\/fr\/wp-json\/wp\/v2\/media?parent=418"}],"curies":[{"name":"wp","href":"https:\/\/api.w.org\/{rel}","templated":true}]}}