{"id":449,"date":"2022-04-24T08:56:15","date_gmt":"2022-04-24T06:56:15","guid":{"rendered":"https:\/\/tendalsjborras.com\/stores-exterieurs\/"},"modified":"2025-12-09T13:16:54","modified_gmt":"2025-12-09T12:16:54","slug":"stores-exterieurs","status":"publish","type":"page","link":"https:\/\/tendalsjborras.com\/fr\/produits\/stores-exterieurs\/","title":{"rendered":"Stores ext\u00e9rieurs"},"content":{"rendered":"\t\t<div data-elementor-type=\"wp-page\" data-elementor-id=\"449\" class=\"elementor elementor-449 elementor-171\" data-elementor-settings=\"{&quot;ha_cmc_init_switcher&quot;:&quot;no&quot;}\">\n\t\t\t\t\t\t<section class=\"elementor-section elementor-top-section elementor-element elementor-element-541c5e7 elementor-section-boxed elementor-section-height-default elementor-section-height-default\" data-id=\"541c5e7\" data-element_type=\"section\" data-e-type=\"section\" data-settings=\"{&quot;background_background&quot;:&quot;classic&quot;,&quot;_ha_eqh_enable&quot;:false}\">\n\t\t\t\t\t\t\t<div class=\"elementor-background-overlay\"><\/div>\n\t\t\t\t\t\t\t<div class=\"elementor-container elementor-column-gap-default\">\n\t\t\t\t\t<div class=\"elementor-column elementor-col-100 elementor-top-column elementor-element elementor-element-7012985\" data-id=\"7012985\" data-element_type=\"column\" data-e-type=\"column\">\n\t\t\t<div class=\"elementor-widget-wrap elementor-element-populated\">\n\t\t\t\t\t\t<div class=\"elementor-element elementor-element-7d88d25 elementor-widget elementor-widget-heading\" data-id=\"7d88d25\" data-element_type=\"widget\" data-e-type=\"widget\" data-widget_type=\"heading.default\">\n\t\t\t\t<div class=\"elementor-widget-container\">\n\t\t\t\t\t<h1 class=\"elementor-heading-title elementor-size-default\">STORES EXTERIEURS<\/h1>\t\t\t\t<\/div>\n\t\t\t\t<\/div>\n\t\t\t\t\t<\/div>\n\t\t<\/div>\n\t\t\t\t\t<\/div>\n\t\t<\/section>\n\t\t\t\t<section class=\"elementor-section elementor-top-section elementor-element elementor-element-3a5663b elementor-section-boxed elementor-section-height-default elementor-section-height-default\" data-id=\"3a5663b\" data-element_type=\"section\" data-e-type=\"section\" data-settings=\"{&quot;_ha_eqh_enable&quot;:false}\">\n\t\t\t\t\t\t<div class=\"elementor-container elementor-column-gap-default\">\n\t\t\t\t\t<div class=\"elementor-column elementor-col-100 elementor-top-column elementor-element elementor-element-508fa23\" data-id=\"508fa23\" data-element_type=\"column\" data-e-type=\"column\">\n\t\t\t<div class=\"elementor-widget-wrap elementor-element-populated\">\n\t\t\t\t\t\t<div class=\"elementor-element elementor-element-d5097f7 elementor-widget elementor-widget-text-editor\" data-id=\"d5097f7\" data-element_type=\"widget\" data-e-type=\"widget\" data-widget_type=\"text-editor.default\">\n\t\t\t\t<div class=\"elementor-widget-container\">\n\t\t\t\t\t\t\t\t\t<p>Le <strong>store structure<\/strong> se compose d\u2019une structure, souvent en alumine, pourvue de tissus pour ext\u00e9rieur. Ces deux \u00e9l\u00e9ments sont adapt\u00e9s \u00e0 vos exigences en design et en qualit\u00e9. Pour r\u00e9pondre aux caract\u00e9ristiques et besoins de vos installations, nous vous proposons les meilleures solutions. Nous pouvons confectionner des stores ext\u00e9rieurs pour particuliers et professionnelles.<\/p>\t\t\t\t\t\t\t\t<\/div>\n\t\t\t\t<\/div>\n\t\t\t\t\t<\/div>\n\t\t<\/div>\n\t\t\t\t\t<\/div>\n\t\t<\/section>\n\t\t\t\t<section class=\"elementor-section elementor-top-section elementor-element elementor-element-7cae0ca elementor-section-boxed elementor-section-height-default elementor-section-height-default\" data-id=\"7cae0ca\" data-element_type=\"section\" data-e-type=\"section\" data-settings=\"{&quot;_ha_eqh_enable&quot;:false}\">\n\t\t\t\t\t\t<div class=\"elementor-container elementor-column-gap-default\">\n\t\t\t\t\t<div class=\"elementor-column elementor-col-100 elementor-top-column elementor-element elementor-element-492bfda\" data-id=\"492bfda\" data-element_type=\"column\" data-e-type=\"column\">\n\t\t\t<div class=\"elementor-widget-wrap elementor-element-populated\">\n\t\t\t\t\t\t<div class=\"elementor-element elementor-element-c09a3e0 elementor-widget elementor-widget-ha-justified-gallery happy-addon ha-justified-gallery\" data-id=\"c09a3e0\" data-element_type=\"widget\" data-e-type=\"widget\" data-settings=\"{&quot;show_caption&quot;:&quot;yes&quot;,&quot;row_height&quot;:{&quot;unit&quot;:&quot;px&quot;,&quot;size&quot;:220,&quot;sizes&quot;:[]},&quot;margins&quot;:{&quot;unit&quot;:&quot;px&quot;,&quot;size&quot;:10,&quot;sizes&quot;:[]},&quot;last_row&quot;:&quot;justify&quot;,&quot;enable_popup&quot;:&quot;yes&quot;}\" data-widget_type=\"ha-justified-gallery.default\">\n\t\t\t\t<div class=\"elementor-widget-container\">\n\t\t\t\t\t\n\t\t<div class=\"ha-justified-grid__wrap hajs-justified-grid\">\n\t\t\t\t\t\t\t<a href=\"#\" data-mfp-src=\"https:\/\/tendalsjborras.com\/wp-content\/uploads\/2021\/12\/toldos-brazo-invisible-1024x509.jpg\" class=\"ha-justified-grid__item ha-js-lightbox __fltr-1\" title=\"Store Structure Fixe\">\n\t\t\t\t\t<img fetchpriority=\"high\" decoding=\"async\" width=\"768\" height=\"382\" src=\"https:\/\/tendalsjborras.com\/wp-content\/uploads\/2021\/12\/toldos-brazo-invisible-768x382.jpg\" class=\"elementor-animation-grow\" alt=\"Structure Fixe\" srcset=\"https:\/\/tendalsjborras.com\/wp-content\/uploads\/2021\/12\/toldos-brazo-invisible-768x382.jpg 768w, https:\/\/tendalsjborras.com\/wp-content\/uploads\/2021\/12\/toldos-brazo-invisible-300x149.jpg 300w, https:\/\/tendalsjborras.com\/wp-content\/uploads\/2021\/12\/toldos-brazo-invisible-1024x509.jpg 1024w, https:\/\/tendalsjborras.com\/wp-content\/uploads\/2021\/12\/toldos-brazo-invisible-1536x764.jpg 1536w, https:\/\/tendalsjborras.com\/wp-content\/uploads\/2021\/12\/toldos-brazo-invisible.jpg 1920w\" sizes=\"(max-width: 768px) 100vw, 768px\" \/>\t\t\t\t<\/a>\n\t\t\t\t\t\t\t<a href=\"#\" data-mfp-src=\"https:\/\/tendalsjborras.com\/wp-content\/uploads\/2022\/02\/toldos-cofre-02-1024x683.jpg\" class=\"ha-justified-grid__item ha-js-lightbox __fltr-1\" title=\"Store a Cofre\">\n\t\t\t\t\t<img decoding=\"async\" width=\"768\" height=\"512\" src=\"https:\/\/tendalsjborras.com\/wp-content\/uploads\/2022\/02\/toldos-cofre-02-768x512.jpg\" class=\"elementor-animation-grow\" alt=\"A Cofre\" srcset=\"https:\/\/tendalsjborras.com\/wp-content\/uploads\/2022\/02\/toldos-cofre-02-768x512.jpg 768w, https:\/\/tendalsjborras.com\/wp-content\/uploads\/2022\/02\/toldos-cofre-02-300x200.jpg 300w, https:\/\/tendalsjborras.com\/wp-content\/uploads\/2022\/02\/toldos-cofre-02-1024x683.jpg 1024w, https:\/\/tendalsjborras.com\/wp-content\/uploads\/2022\/02\/toldos-cofre-02.jpg 1200w\" sizes=\"(max-width: 768px) 100vw, 768px\" \/>\t\t\t\t<\/a>\n\t\t\t\t\t\t\t<a href=\"#\" data-mfp-src=\"https:\/\/tendalsjborras.com\/wp-content\/uploads\/2021\/12\/toldos-punto-recto.jpg\" class=\"ha-justified-grid__item ha-js-lightbox __fltr-1\" title=\"Store A Projection\">\n\t\t\t\t\t<img decoding=\"async\" width=\"669\" height=\"244\" src=\"https:\/\/tendalsjborras.com\/wp-content\/uploads\/2021\/12\/toldos-punto-recto.jpg\" class=\"elementor-animation-grow\" alt=\"A Projection\" srcset=\"https:\/\/tendalsjborras.com\/wp-content\/uploads\/2021\/12\/toldos-punto-recto.jpg 669w, https:\/\/tendalsjborras.com\/wp-content\/uploads\/2021\/12\/toldos-punto-recto-300x109.jpg 300w\" sizes=\"(max-width: 669px) 100vw, 669px\" \/>\t\t\t\t<\/a>\n\t\t\t\t\t\t\t<a href=\"#\" data-mfp-src=\"https:\/\/tendalsjborras.com\/wp-content\/uploads\/2022\/02\/toldos-punto-recto-02-826x1024.jpg\" class=\"ha-justified-grid__item ha-js-lightbox __fltr-1\" title=\"Store A Projection\">\n\t\t\t\t\t<img loading=\"lazy\" decoding=\"async\" width=\"768\" height=\"952\" src=\"https:\/\/tendalsjborras.com\/wp-content\/uploads\/2022\/02\/toldos-punto-recto-02-768x952.jpg\" class=\"elementor-animation-grow\" alt=\"A Projection\" srcset=\"https:\/\/tendalsjborras.com\/wp-content\/uploads\/2022\/02\/toldos-punto-recto-02-768x952.jpg 768w, https:\/\/tendalsjborras.com\/wp-content\/uploads\/2022\/02\/toldos-punto-recto-02-242x300.jpg 242w, https:\/\/tendalsjborras.com\/wp-content\/uploads\/2022\/02\/toldos-punto-recto-02-826x1024.jpg 826w, https:\/\/tendalsjborras.com\/wp-content\/uploads\/2022\/02\/toldos-punto-recto-02.jpg 916w\" sizes=\"(max-width: 768px) 100vw, 768px\" \/>\t\t\t\t<\/a>\n\t\t\t\t\t\t\t<a href=\"#\" data-mfp-src=\"https:\/\/tendalsjborras.com\/wp-content\/uploads\/2021\/12\/toldos-verticales-1024x509.jpg\" class=\"ha-justified-grid__item ha-js-lightbox __fltr-1\" title=\"Store Bannes\">\n\t\t\t\t\t<img loading=\"lazy\" decoding=\"async\" width=\"768\" height=\"382\" src=\"https:\/\/tendalsjborras.com\/wp-content\/uploads\/2021\/12\/toldos-verticales-768x382.jpg\" class=\"elementor-animation-grow\" alt=\"Bannes\" srcset=\"https:\/\/tendalsjborras.com\/wp-content\/uploads\/2021\/12\/toldos-verticales-768x382.jpg 768w, https:\/\/tendalsjborras.com\/wp-content\/uploads\/2021\/12\/toldos-verticales-300x149.jpg 300w, https:\/\/tendalsjborras.com\/wp-content\/uploads\/2021\/12\/toldos-verticales-1024x509.jpg 1024w, https:\/\/tendalsjborras.com\/wp-content\/uploads\/2021\/12\/toldos-verticales-1536x764.jpg 1536w, https:\/\/tendalsjborras.com\/wp-content\/uploads\/2021\/12\/toldos-verticales.jpg 1920w\" sizes=\"(max-width: 768px) 100vw, 768px\" \/>\t\t\t\t<\/a>\n\t\t\t\t\t\t\t<a href=\"#\" data-mfp-src=\"https:\/\/tendalsjborras.com\/wp-content\/uploads\/2021\/12\/toldos-veranda-1024x509.jpg\" class=\"ha-justified-grid__item ha-js-lightbox __fltr-1\" title=\"Store de Veranda\">\n\t\t\t\t\t<img loading=\"lazy\" decoding=\"async\" width=\"768\" height=\"382\" src=\"https:\/\/tendalsjborras.com\/wp-content\/uploads\/2021\/12\/toldos-veranda-768x382.jpg\" class=\"elementor-animation-grow\" alt=\"De Veranda\" srcset=\"https:\/\/tendalsjborras.com\/wp-content\/uploads\/2021\/12\/toldos-veranda-768x382.jpg 768w, https:\/\/tendalsjborras.com\/wp-content\/uploads\/2021\/12\/toldos-veranda-300x149.jpg 300w, https:\/\/tendalsjborras.com\/wp-content\/uploads\/2021\/12\/toldos-veranda-1024x509.jpg 1024w, https:\/\/tendalsjborras.com\/wp-content\/uploads\/2021\/12\/toldos-veranda-1536x764.jpg 1536w, https:\/\/tendalsjborras.com\/wp-content\/uploads\/2021\/12\/toldos-veranda.jpg 1920w\" sizes=\"(max-width: 768px) 100vw, 768px\" \/>\t\t\t\t<\/a>\n\t\t\t\t\t\t\t<a href=\"#\" data-mfp-src=\"https:\/\/tendalsjborras.com\/wp-content\/uploads\/2022\/02\/toldos-veranda-02-1024x768.jpg\" class=\"ha-justified-grid__item ha-js-lightbox __fltr-1\" title=\"Store de Veranda\">\n\t\t\t\t\t<img loading=\"lazy\" decoding=\"async\" width=\"768\" height=\"576\" src=\"https:\/\/tendalsjborras.com\/wp-content\/uploads\/2022\/02\/toldos-veranda-02-768x576.jpg\" class=\"elementor-animation-grow\" alt=\"De Veranda\" srcset=\"https:\/\/tendalsjborras.com\/wp-content\/uploads\/2022\/02\/toldos-veranda-02-768x576.jpg 768w, https:\/\/tendalsjborras.com\/wp-content\/uploads\/2022\/02\/toldos-veranda-02-300x225.jpg 300w, https:\/\/tendalsjborras.com\/wp-content\/uploads\/2022\/02\/toldos-veranda-02-1024x768.jpg 1024w, https:\/\/tendalsjborras.com\/wp-content\/uploads\/2022\/02\/toldos-veranda-02.jpg 1200w\" sizes=\"(max-width: 768px) 100vw, 768px\" \/>\t\t\t\t<\/a>\n\t\t\t\t\t<\/div>\n\n\t\t\t\t\t\t<\/div>\n\t\t\t\t<\/div>\n\t\t\t\t\t<\/div>\n\t\t<\/div>\n\t\t\t\t\t<\/div>\n\t\t<\/section>\n\t\t\t\t<\/div>\n\t\t","protected":false},"excerpt":{"rendered":"<p>STORES EXTERIEURS Le store structure se compose d\u2019une structure, souvent en alumine, pourvue de tissus pour ext\u00e9rieur. Ces deux \u00e9l\u00e9ments sont adapt\u00e9s \u00e0 vos exigences en design et en qualit\u00e9. Pour r\u00e9pondre aux caract\u00e9ristiques et besoins de vos installations, nous vous proposons les meilleures solutions. Nous pouvons confectionner des stores ext\u00e9rieurs pour particuliers et professionnelles.<\/p>\n","protected":false},"author":1,"featured_media":0,"parent":444,"menu_order":0,"comment_status":"closed","ping_status":"closed","template":"","meta":{"_uf_show_specific_survey":0,"_uf_disable_surveys":false,"site-sidebar-layout":"no-sidebar","site-content-layout":"page-builder","ast-site-content-layout":"default","site-content-style":"default","site-sidebar-style":"default","ast-global-header-display":"","ast-banner-title-visibility":"","ast-main-header-display":"","ast-hfb-above-header-display":"","ast-hfb-below-header-display":"","ast-hfb-mobile-header-display":"","site-post-title":"disabled","ast-breadcrumbs-content":"","ast-featured-img":"disabled","footer-sml-layout":"","ast-disable-related-posts":"","theme-transparent-header-meta":"","adv-header-id-meta":"","stick-header-meta":"","header-above-stick-meta":"","header-main-stick-meta":"","header-below-stick-meta":"","astra-migrate-meta-layouts":"default","ast-page-background-enabled":"default","ast-page-background-meta":{"desktop":{"background-color":"","background-image":"","background-repeat":"repeat","background-position":"center center","background-size":"auto","background-attachment":"scroll","background-type":"","background-media":"","overlay-type":"","overlay-color":"","overlay-opacity":"","overlay-gradient":""},"tablet":{"background-color":"","background-image":"","background-repeat":"repeat","background-position":"center center","background-size":"auto","background-attachment":"scroll","background-type":"","background-media":"","overlay-type":"","overlay-color":"","overlay-opacity":"","overlay-gradient":""},"mobile":{"background-color":"","background-image":"","background-repeat":"repeat","background-position":"center center","background-size":"auto","background-attachment":"scroll","background-type":"","background-media":"","overlay-type":"","overlay-color":"","overlay-opacity":"","overlay-gradient":""}},"ast-content-background-meta":{"desktop":{"background-color":"var(--ast-global-color-5)","background-image":"","background-repeat":"repeat","background-position":"center center","background-size":"auto","background-attachment":"scroll","background-type":"","background-media":"","overlay-type":"","overlay-color":"","overlay-opacity":"","overlay-gradient":""},"tablet":{"background-color":"var(--ast-global-color-5)","background-image":"","background-repeat":"repeat","background-position":"center center","background-size":"auto","background-attachment":"scroll","background-type":"","background-media":"","overlay-type":"","overlay-color":"","overlay-opacity":"","overlay-gradient":""},"mobile":{"background-color":"var(--ast-global-color-5)","background-image":"","background-repeat":"repeat","background-position":"center center","background-size":"auto","background-attachment":"scroll","background-type":"","background-media":"","overlay-type":"","overlay-color":"","overlay-opacity":"","overlay-gradient":""}},"footnotes":""},"class_list":["post-449","page","type-page","status-publish","hentry"],"yoast_head":"<!-- This site is optimized with the Yoast SEO plugin v27.2 - https:\/\/yoast.com\/product\/yoast-seo-wordpress\/ -->\n<title>Stores ext\u00e9rieurs - Tendals J.Borras<\/title>\n<meta name=\"description\" content=\"Stores structure fixe, \u00e0 coffre, \u00e0 projection, bannes, de v\u00e9randa et lat\u00e9raux.\" \/>\n<meta name=\"robots\" content=\"index, follow, max-snippet:-1, max-image-preview:large, max-video-preview:-1\" \/>\n<link rel=\"canonical\" href=\"https:\/\/tendalsjborras.com\/fr\/produits\/stores-exterieurs\/\" \/>\n<meta property=\"og:locale\" content=\"fr_FR\" \/>\n<meta property=\"og:type\" content=\"article\" \/>\n<meta property=\"og:title\" content=\"Stores ext\u00e9rieurs - Tendals J.Borras\" \/>\n<meta property=\"og:description\" content=\"Stores structure fixe, \u00e0 coffre, \u00e0 projection, bannes, de v\u00e9randa et lat\u00e9raux.\" \/>\n<meta property=\"og:url\" content=\"https:\/\/tendalsjborras.com\/fr\/produits\/stores-exterieurs\/\" \/>\n<meta property=\"og:site_name\" content=\"Tendals J.Borras\" \/>\n<meta property=\"article:publisher\" content=\"https:\/\/www.facebook.com\/TendalsJBorras\/\" \/>\n<meta property=\"article:modified_time\" content=\"2025-12-09T12:16:54+00:00\" \/>\n<meta property=\"og:image\" content=\"https:\/\/tendalsjborras.com\/wp-content\/uploads\/2021\/12\/toldos-brazo-invisible-768x382.jpg\" \/>\n<meta name=\"twitter:card\" content=\"summary_large_image\" \/>\n<meta name=\"twitter:label1\" content=\"Dur\u00e9e de lecture estim\u00e9e\" \/>\n\t<meta name=\"twitter:data1\" content=\"2 minutes\" \/>\n<script type=\"application\/ld+json\" class=\"yoast-schema-graph\">{\"@context\":\"https:\/\/schema.org\",\"@graph\":[{\"@type\":\"WebPage\",\"@id\":\"https:\/\/tendalsjborras.com\/fr\/produits\/stores-exterieurs\/\",\"url\":\"https:\/\/tendalsjborras.com\/fr\/produits\/stores-exterieurs\/\",\"name\":\"Stores ext\u00e9rieurs - Tendals J.Borras\",\"isPartOf\":{\"@id\":\"https:\/\/tendalsjborras.com\/fr\/#website\"},\"primaryImageOfPage\":{\"@id\":\"https:\/\/tendalsjborras.com\/fr\/produits\/stores-exterieurs\/#primaryimage\"},\"image\":{\"@id\":\"https:\/\/tendalsjborras.com\/fr\/produits\/stores-exterieurs\/#primaryimage\"},\"thumbnailUrl\":\"https:\/\/tendalsjborras.com\/wp-content\/uploads\/2021\/12\/toldos-brazo-invisible-768x382.jpg\",\"datePublished\":\"2022-04-24T06:56:15+00:00\",\"dateModified\":\"2025-12-09T12:16:54+00:00\",\"description\":\"Stores structure fixe, \u00e0 coffre, \u00e0 projection, bannes, de v\u00e9randa et lat\u00e9raux.\",\"breadcrumb\":{\"@id\":\"https:\/\/tendalsjborras.com\/fr\/produits\/stores-exterieurs\/#breadcrumb\"},\"inLanguage\":\"fr-FR\",\"potentialAction\":[{\"@type\":\"ReadAction\",\"target\":[\"https:\/\/tendalsjborras.com\/fr\/produits\/stores-exterieurs\/\"]}]},{\"@type\":\"ImageObject\",\"inLanguage\":\"fr-FR\",\"@id\":\"https:\/\/tendalsjborras.com\/fr\/produits\/stores-exterieurs\/#primaryimage\",\"url\":\"https:\/\/tendalsjborras.com\/wp-content\/uploads\/2021\/12\/toldos-brazo-invisible-768x382.jpg\",\"contentUrl\":\"https:\/\/tendalsjborras.com\/wp-content\/uploads\/2021\/12\/toldos-brazo-invisible-768x382.jpg\"},{\"@type\":\"BreadcrumbList\",\"@id\":\"https:\/\/tendalsjborras.com\/fr\/produits\/stores-exterieurs\/#breadcrumb\",\"itemListElement\":[{\"@type\":\"ListItem\",\"position\":1,\"name\":\"Portada\",\"item\":\"https:\/\/tendalsjborras.com\/fr\/\"},{\"@type\":\"ListItem\",\"position\":2,\"name\":\"Produits\",\"item\":\"https:\/\/tendalsjborras.com\/fr\/produits\/\"},{\"@type\":\"ListItem\",\"position\":3,\"name\":\"Stores ext\u00e9rieurs\"}]},{\"@type\":\"WebSite\",\"@id\":\"https:\/\/tendalsjborras.com\/fr\/#website\",\"url\":\"https:\/\/tendalsjborras.com\/fr\/\",\"name\":\"Tendals J.Borras\",\"description\":\"Stores, pergolas et voiles \u00e0 Tarragone\",\"publisher\":{\"@id\":\"https:\/\/tendalsjborras.com\/fr\/#organization\"},\"potentialAction\":[{\"@type\":\"SearchAction\",\"target\":{\"@type\":\"EntryPoint\",\"urlTemplate\":\"https:\/\/tendalsjborras.com\/fr\/?s={search_term_string}\"},\"query-input\":{\"@type\":\"PropertyValueSpecification\",\"valueRequired\":true,\"valueName\":\"search_term_string\"}}],\"inLanguage\":\"fr-FR\"},{\"@type\":\"Organization\",\"@id\":\"https:\/\/tendalsjborras.com\/fr\/#organization\",\"name\":\"Tendals J.Borras\",\"url\":\"https:\/\/tendalsjborras.com\/fr\/\",\"logo\":{\"@type\":\"ImageObject\",\"inLanguage\":\"fr-FR\",\"@id\":\"https:\/\/tendalsjborras.com\/fr\/#\/schema\/logo\/image\/\",\"url\":\"https:\/\/tendalsjborras.com\/wp-content\/uploads\/2021\/12\/logo-tendalsjborras.png\",\"contentUrl\":\"https:\/\/tendalsjborras.com\/wp-content\/uploads\/2021\/12\/logo-tendalsjborras.png\",\"width\":422,\"height\":230,\"caption\":\"Tendals J.Borras\"},\"image\":{\"@id\":\"https:\/\/tendalsjborras.com\/fr\/#\/schema\/logo\/image\/\"},\"sameAs\":[\"https:\/\/www.facebook.com\/TendalsJBorras\/\",\"https:\/\/www.instagram.com\/tendalsjborras\/\"]}]}<\/script>\n<!-- \/ Yoast SEO plugin. -->","yoast_head_json":{"title":"Stores ext\u00e9rieurs - Tendals J.Borras","description":"Stores structure fixe, \u00e0 coffre, \u00e0 projection, bannes, de v\u00e9randa et lat\u00e9raux.","robots":{"index":"index","follow":"follow","max-snippet":"max-snippet:-1","max-image-preview":"max-image-preview:large","max-video-preview":"max-video-preview:-1"},"canonical":"https:\/\/tendalsjborras.com\/fr\/produits\/stores-exterieurs\/","og_locale":"fr_FR","og_type":"article","og_title":"Stores ext\u00e9rieurs - Tendals J.Borras","og_description":"Stores structure fixe, \u00e0 coffre, \u00e0 projection, bannes, de v\u00e9randa et lat\u00e9raux.","og_url":"https:\/\/tendalsjborras.com\/fr\/produits\/stores-exterieurs\/","og_site_name":"Tendals J.Borras","article_publisher":"https:\/\/www.facebook.com\/TendalsJBorras\/","article_modified_time":"2025-12-09T12:16:54+00:00","og_image":[{"url":"https:\/\/tendalsjborras.com\/wp-content\/uploads\/2021\/12\/toldos-brazo-invisible-768x382.jpg","type":"","width":"","height":""}],"twitter_card":"summary_large_image","twitter_misc":{"Dur\u00e9e de lecture estim\u00e9e":"2 minutes"},"schema":{"@context":"https:\/\/schema.org","@graph":[{"@type":"WebPage","@id":"https:\/\/tendalsjborras.com\/fr\/produits\/stores-exterieurs\/","url":"https:\/\/tendalsjborras.com\/fr\/produits\/stores-exterieurs\/","name":"Stores ext\u00e9rieurs - Tendals J.Borras","isPartOf":{"@id":"https:\/\/tendalsjborras.com\/fr\/#website"},"primaryImageOfPage":{"@id":"https:\/\/tendalsjborras.com\/fr\/produits\/stores-exterieurs\/#primaryimage"},"image":{"@id":"https:\/\/tendalsjborras.com\/fr\/produits\/stores-exterieurs\/#primaryimage"},"thumbnailUrl":"https:\/\/tendalsjborras.com\/wp-content\/uploads\/2021\/12\/toldos-brazo-invisible-768x382.jpg","datePublished":"2022-04-24T06:56:15+00:00","dateModified":"2025-12-09T12:16:54+00:00","description":"Stores structure fixe, \u00e0 coffre, \u00e0 projection, bannes, de v\u00e9randa et lat\u00e9raux.","breadcrumb":{"@id":"https:\/\/tendalsjborras.com\/fr\/produits\/stores-exterieurs\/#breadcrumb"},"inLanguage":"fr-FR","potentialAction":[{"@type":"ReadAction","target":["https:\/\/tendalsjborras.com\/fr\/produits\/stores-exterieurs\/"]}]},{"@type":"ImageObject","inLanguage":"fr-FR","@id":"https:\/\/tendalsjborras.com\/fr\/produits\/stores-exterieurs\/#primaryimage","url":"https:\/\/tendalsjborras.com\/wp-content\/uploads\/2021\/12\/toldos-brazo-invisible-768x382.jpg","contentUrl":"https:\/\/tendalsjborras.com\/wp-content\/uploads\/2021\/12\/toldos-brazo-invisible-768x382.jpg"},{"@type":"BreadcrumbList","@id":"https:\/\/tendalsjborras.com\/fr\/produits\/stores-exterieurs\/#breadcrumb","itemListElement":[{"@type":"ListItem","position":1,"name":"Portada","item":"https:\/\/tendalsjborras.com\/fr\/"},{"@type":"ListItem","position":2,"name":"Produits","item":"https:\/\/tendalsjborras.com\/fr\/produits\/"},{"@type":"ListItem","position":3,"name":"Stores ext\u00e9rieurs"}]},{"@type":"WebSite","@id":"https:\/\/tendalsjborras.com\/fr\/#website","url":"https:\/\/tendalsjborras.com\/fr\/","name":"Tendals J.Borras","description":"Stores, pergolas et voiles \u00e0 Tarragone","publisher":{"@id":"https:\/\/tendalsjborras.com\/fr\/#organization"},"potentialAction":[{"@type":"SearchAction","target":{"@type":"EntryPoint","urlTemplate":"https:\/\/tendalsjborras.com\/fr\/?s={search_term_string}"},"query-input":{"@type":"PropertyValueSpecification","valueRequired":true,"valueName":"search_term_string"}}],"inLanguage":"fr-FR"},{"@type":"Organization","@id":"https:\/\/tendalsjborras.com\/fr\/#organization","name":"Tendals J.Borras","url":"https:\/\/tendalsjborras.com\/fr\/","logo":{"@type":"ImageObject","inLanguage":"fr-FR","@id":"https:\/\/tendalsjborras.com\/fr\/#\/schema\/logo\/image\/","url":"https:\/\/tendalsjborras.com\/wp-content\/uploads\/2021\/12\/logo-tendalsjborras.png","contentUrl":"https:\/\/tendalsjborras.com\/wp-content\/uploads\/2021\/12\/logo-tendalsjborras.png","width":422,"height":230,"caption":"Tendals J.Borras"},"image":{"@id":"https:\/\/tendalsjborras.com\/fr\/#\/schema\/logo\/image\/"},"sameAs":["https:\/\/www.facebook.com\/TendalsJBorras\/","https:\/\/www.instagram.com\/tendalsjborras\/"]}]}},"_links":{"self":[{"href":"https:\/\/tendalsjborras.com\/fr\/wp-json\/wp\/v2\/pages\/449","targetHints":{"allow":["GET"]}}],"collection":[{"href":"https:\/\/tendalsjborras.com\/fr\/wp-json\/wp\/v2\/pages"}],"about":[{"href":"https:\/\/tendalsjborras.com\/fr\/wp-json\/wp\/v2\/types\/page"}],"author":[{"embeddable":true,"href":"https:\/\/tendalsjborras.com\/fr\/wp-json\/wp\/v2\/users\/1"}],"replies":[{"embeddable":true,"href":"https:\/\/tendalsjborras.com\/fr\/wp-json\/wp\/v2\/comments?post=449"}],"version-history":[{"count":5,"href":"https:\/\/tendalsjborras.com\/fr\/wp-json\/wp\/v2\/pages\/449\/revisions"}],"predecessor-version":[{"id":685,"href":"https:\/\/tendalsjborras.com\/fr\/wp-json\/wp\/v2\/pages\/449\/revisions\/685"}],"up":[{"embeddable":true,"href":"https:\/\/tendalsjborras.com\/fr\/wp-json\/wp\/v2\/pages\/444"}],"wp:attachment":[{"href":"https:\/\/tendalsjborras.com\/fr\/wp-json\/wp\/v2\/media?parent=449"}],"curies":[{"name":"wp","href":"https:\/\/api.w.org\/{rel}","templated":true}]}}