{"id":453,"date":"2022-04-24T09:00:43","date_gmt":"2022-04-24T07:00:43","guid":{"rendered":"https:\/\/tendalsjborras.com\/voiles\/"},"modified":"2022-04-25T08:41:36","modified_gmt":"2022-04-25T06:41:36","slug":"voiles","status":"publish","type":"page","link":"https:\/\/tendalsjborras.com\/fr\/produits\/voiles\/","title":{"rendered":"Voiles"},"content":{"rendered":"\t\t<div data-elementor-type=\"wp-page\" data-elementor-id=\"453\" class=\"elementor elementor-453 elementor-200\" data-elementor-settings=\"{&quot;ha_cmc_init_switcher&quot;:&quot;no&quot;}\">\n\t\t\t\t\t\t<section class=\"elementor-section elementor-top-section elementor-element elementor-element-6659550 elementor-section-boxed elementor-section-height-default elementor-section-height-default\" data-id=\"6659550\" data-element_type=\"section\" data-e-type=\"section\" data-settings=\"{&quot;background_background&quot;:&quot;classic&quot;,&quot;_ha_eqh_enable&quot;:false}\">\n\t\t\t\t\t\t\t<div class=\"elementor-background-overlay\"><\/div>\n\t\t\t\t\t\t\t<div class=\"elementor-container elementor-column-gap-default\">\n\t\t\t\t\t<div class=\"elementor-column elementor-col-100 elementor-top-column elementor-element elementor-element-a907bd0\" data-id=\"a907bd0\" data-element_type=\"column\" data-e-type=\"column\">\n\t\t\t<div class=\"elementor-widget-wrap elementor-element-populated\">\n\t\t\t\t\t\t<div class=\"elementor-element elementor-element-ab5ca6c elementor-widget elementor-widget-heading\" data-id=\"ab5ca6c\" data-element_type=\"widget\" data-e-type=\"widget\" data-widget_type=\"heading.default\">\n\t\t\t\t<div class=\"elementor-widget-container\">\n\t\t\t\t\t<h1 class=\"elementor-heading-title elementor-size-default\">VOILES<\/h1>\t\t\t\t<\/div>\n\t\t\t\t<\/div>\n\t\t\t\t\t<\/div>\n\t\t<\/div>\n\t\t\t\t\t<\/div>\n\t\t<\/section>\n\t\t\t\t<section class=\"elementor-section elementor-top-section elementor-element elementor-element-6b48ecd elementor-section-boxed elementor-section-height-default elementor-section-height-default\" data-id=\"6b48ecd\" data-element_type=\"section\" data-e-type=\"section\" data-settings=\"{&quot;_ha_eqh_enable&quot;:false}\">\n\t\t\t\t\t\t<div class=\"elementor-container elementor-column-gap-wide\">\n\t\t\t\t\t<div class=\"elementor-column elementor-col-100 elementor-top-column elementor-element elementor-element-e341d07\" data-id=\"e341d07\" data-element_type=\"column\" data-e-type=\"column\">\n\t\t\t<div class=\"elementor-widget-wrap elementor-element-populated\">\n\t\t\t\t\t\t<div class=\"elementor-element elementor-element-00df8a3 elementor-widget elementor-widget-heading\" data-id=\"00df8a3\" data-element_type=\"widget\" data-e-type=\"widget\" data-widget_type=\"heading.default\">\n\t\t\t\t<div class=\"elementor-widget-container\">\n\t\t\t\t\t<h2 class=\"elementor-heading-title elementor-size-default\">VOILES DE PROTECTION SOLAIRE<\/h2>\t\t\t\t<\/div>\n\t\t\t\t<\/div>\n\t\t\t\t<div class=\"elementor-element elementor-element-5dd1f57 elementor-widget elementor-widget-text-editor\" data-id=\"5dd1f57\" data-element_type=\"widget\" data-e-type=\"widget\" data-widget_type=\"text-editor.default\">\n\t\t\t\t<div class=\"elementor-widget-container\">\n\t\t\t\t\t\t\t\t\t<p>Protection solaire et design pour couvrir vos espaces. Forte r\u00e9sistance aux intemp\u00e9ries. Id\u00e9al dans les h\u00f4tels, les \u00e9coles, les maternelles, parcs, etc.<\/p>\t\t\t\t\t\t\t\t<\/div>\n\t\t\t\t<\/div>\n\t\t\t\t<div class=\"elementor-element elementor-element-43adccb elementor-widget elementor-widget-ha-justified-gallery happy-addon ha-justified-gallery\" data-id=\"43adccb\" data-element_type=\"widget\" data-e-type=\"widget\" data-settings=\"{&quot;show_caption&quot;:&quot;yes&quot;,&quot;row_height&quot;:{&quot;unit&quot;:&quot;px&quot;,&quot;size&quot;:185,&quot;sizes&quot;:[]},&quot;margins&quot;:{&quot;unit&quot;:&quot;px&quot;,&quot;size&quot;:10,&quot;sizes&quot;:[]},&quot;last_row&quot;:&quot;justify&quot;,&quot;enable_popup&quot;:&quot;yes&quot;}\" data-widget_type=\"ha-justified-gallery.default\">\n\t\t\t\t<div class=\"elementor-widget-container\">\n\t\t\t\t\t\n\t\t<div class=\"ha-justified-grid__wrap hajs-justified-grid\">\n\t\t\t\t\t\t\t<a href=\"#\" data-mfp-src=\"https:\/\/tendalsjborras.com\/wp-content\/uploads\/2021\/12\/velas-tensoestatica-01-1024x681.jpg\" class=\"ha-justified-grid__item ha-js-lightbox __fltr-1\" title=\"Voile Protection Solaire\">\n\t\t\t\t\t<img fetchpriority=\"high\" decoding=\"async\" width=\"768\" height=\"510\" src=\"https:\/\/tendalsjborras.com\/wp-content\/uploads\/2021\/12\/velas-tensoestatica-01-768x510.jpg\" class=\"elementor-animation-grow\" alt=\"Protection Solaire\" srcset=\"https:\/\/tendalsjborras.com\/wp-content\/uploads\/2021\/12\/velas-tensoestatica-01-768x510.jpg 768w, https:\/\/tendalsjborras.com\/wp-content\/uploads\/2021\/12\/velas-tensoestatica-01-300x199.jpg 300w, https:\/\/tendalsjborras.com\/wp-content\/uploads\/2021\/12\/velas-tensoestatica-01-1024x681.jpg 1024w, https:\/\/tendalsjborras.com\/wp-content\/uploads\/2021\/12\/velas-tensoestatica-01-1536x1021.jpg 1536w, https:\/\/tendalsjborras.com\/wp-content\/uploads\/2021\/12\/velas-tensoestatica-01.jpg 1920w\" sizes=\"(max-width: 768px) 100vw, 768px\" \/>\t\t\t\t<\/a>\n\t\t\t\t\t\t\t<a href=\"#\" data-mfp-src=\"https:\/\/tendalsjborras.com\/wp-content\/uploads\/2021\/12\/velas-tensoestatica-02-1024x509.jpg\" class=\"ha-justified-grid__item ha-js-lightbox __fltr-1\" title=\"Voile Protection Solaire\">\n\t\t\t\t\t<img decoding=\"async\" width=\"768\" height=\"382\" src=\"https:\/\/tendalsjborras.com\/wp-content\/uploads\/2021\/12\/velas-tensoestatica-02-768x382.jpg\" class=\"elementor-animation-grow\" alt=\"Protection Solaire\" srcset=\"https:\/\/tendalsjborras.com\/wp-content\/uploads\/2021\/12\/velas-tensoestatica-02-768x382.jpg 768w, https:\/\/tendalsjborras.com\/wp-content\/uploads\/2021\/12\/velas-tensoestatica-02-300x149.jpg 300w, https:\/\/tendalsjborras.com\/wp-content\/uploads\/2021\/12\/velas-tensoestatica-02-1024x509.jpg 1024w, https:\/\/tendalsjborras.com\/wp-content\/uploads\/2021\/12\/velas-tensoestatica-02-1536x764.jpg 1536w, https:\/\/tendalsjborras.com\/wp-content\/uploads\/2021\/12\/velas-tensoestatica-02.jpg 1920w\" sizes=\"(max-width: 768px) 100vw, 768px\" \/>\t\t\t\t<\/a>\n\t\t\t\t\t\t\t<a href=\"#\" data-mfp-src=\"https:\/\/tendalsjborras.com\/wp-content\/uploads\/2022\/02\/velas-tensoestatica-03-1024x323.jpg\" class=\"ha-justified-grid__item ha-js-lightbox __fltr-1\" title=\"Voile Protection Solaire\">\n\t\t\t\t\t<img decoding=\"async\" width=\"768\" height=\"242\" src=\"https:\/\/tendalsjborras.com\/wp-content\/uploads\/2022\/02\/velas-tensoestatica-03-768x242.jpg\" class=\"elementor-animation-grow\" alt=\"Protection Solaire\" srcset=\"https:\/\/tendalsjborras.com\/wp-content\/uploads\/2022\/02\/velas-tensoestatica-03-768x242.jpg 768w, https:\/\/tendalsjborras.com\/wp-content\/uploads\/2022\/02\/velas-tensoestatica-03-300x95.jpg 300w, https:\/\/tendalsjborras.com\/wp-content\/uploads\/2022\/02\/velas-tensoestatica-03-1024x323.jpg 1024w, https:\/\/tendalsjborras.com\/wp-content\/uploads\/2022\/02\/velas-tensoestatica-03.jpg 1200w\" sizes=\"(max-width: 768px) 100vw, 768px\" \/>\t\t\t\t<\/a>\n\t\t\t\t\t<\/div>\n\n\t\t\t\t\t\t<\/div>\n\t\t\t\t<\/div>\n\t\t\t\t<div class=\"elementor-element elementor-element-c525a8b elementor-widget elementor-widget-spacer\" data-id=\"c525a8b\" data-element_type=\"widget\" data-e-type=\"widget\" data-widget_type=\"spacer.default\">\n\t\t\t\t<div class=\"elementor-widget-container\">\n\t\t\t\t\t\t\t<div class=\"elementor-spacer\">\n\t\t\t<div class=\"elementor-spacer-inner\"><\/div>\n\t\t<\/div>\n\t\t\t\t\t\t<\/div>\n\t\t\t\t<\/div>\n\t\t\t\t<div class=\"elementor-element elementor-element-a08dff0 elementor-widget elementor-widget-heading\" data-id=\"a08dff0\" data-element_type=\"widget\" data-e-type=\"widget\" data-widget_type=\"heading.default\">\n\t\t\t\t<div class=\"elementor-widget-container\">\n\t\t\t\t\t<h2 class=\"elementor-heading-title elementor-size-default\">VOILE D\u2019OMBRE<\/h2>\t\t\t\t<\/div>\n\t\t\t\t<\/div>\n\t\t\t\t<div class=\"elementor-element elementor-element-557a38b elementor-widget elementor-widget-text-editor\" data-id=\"557a38b\" data-element_type=\"widget\" data-e-type=\"widget\" data-widget_type=\"text-editor.default\">\n\t\t\t\t<div class=\"elementor-widget-container\">\n\t\t\t\t\t\t\t\t\t<p>Elles sont une solution parfaite pour cr\u00e9er une ambiance contemporaine et originale. Voile architectural, forme libre sur mesure.<\/p>\t\t\t\t\t\t\t\t<\/div>\n\t\t\t\t<\/div>\n\t\t\t\t<div class=\"elementor-element elementor-element-5651292 elementor-widget elementor-widget-ha-justified-gallery happy-addon ha-justified-gallery\" data-id=\"5651292\" data-element_type=\"widget\" data-e-type=\"widget\" data-settings=\"{&quot;show_caption&quot;:&quot;yes&quot;,&quot;row_height&quot;:{&quot;unit&quot;:&quot;px&quot;,&quot;size&quot;:230,&quot;sizes&quot;:[]},&quot;margins&quot;:{&quot;unit&quot;:&quot;px&quot;,&quot;size&quot;:10,&quot;sizes&quot;:[]},&quot;last_row&quot;:&quot;justify&quot;,&quot;enable_popup&quot;:&quot;yes&quot;}\" data-widget_type=\"ha-justified-gallery.default\">\n\t\t\t\t<div class=\"elementor-widget-container\">\n\t\t\t\t\t\n\t\t<div class=\"ha-justified-grid__wrap hajs-justified-grid\">\n\t\t\t\t\t\t\t<a href=\"#\" data-mfp-src=\"https:\/\/tendalsjborras.com\/wp-content\/uploads\/2021\/12\/velas-sombra-01-1024x768.jpg\" class=\"ha-justified-grid__item ha-js-lightbox __fltr-1\" title=\"Vela de Sombra\">\n\t\t\t\t\t<img loading=\"lazy\" decoding=\"async\" width=\"768\" height=\"576\" src=\"https:\/\/tendalsjborras.com\/wp-content\/uploads\/2021\/12\/velas-sombra-01-768x576.jpg\" class=\"elementor-animation-grow\" alt=\"de Sombra\" srcset=\"https:\/\/tendalsjborras.com\/wp-content\/uploads\/2021\/12\/velas-sombra-01-768x576.jpg 768w, https:\/\/tendalsjborras.com\/wp-content\/uploads\/2021\/12\/velas-sombra-01-300x225.jpg 300w, https:\/\/tendalsjborras.com\/wp-content\/uploads\/2021\/12\/velas-sombra-01-1024x768.jpg 1024w, https:\/\/tendalsjborras.com\/wp-content\/uploads\/2021\/12\/velas-sombra-01-1536x1152.jpg 1536w, https:\/\/tendalsjborras.com\/wp-content\/uploads\/2021\/12\/velas-sombra-01.jpg 1920w\" sizes=\"(max-width: 768px) 100vw, 768px\" \/>\t\t\t\t<\/a>\n\t\t\t\t\t\t\t<a href=\"#\" data-mfp-src=\"https:\/\/tendalsjborras.com\/wp-content\/uploads\/2021\/12\/velas-sombra-02-768x1024.jpg\" class=\"ha-justified-grid__item ha-js-lightbox __fltr-1\" title=\"Voile d&#039;Ombre\">\n\t\t\t\t\t<img loading=\"lazy\" decoding=\"async\" width=\"768\" height=\"1024\" src=\"https:\/\/tendalsjborras.com\/wp-content\/uploads\/2021\/12\/velas-sombra-02-768x1024.jpg\" class=\"elementor-animation-grow\" alt=\"d&#039;Ombre\" srcset=\"https:\/\/tendalsjborras.com\/wp-content\/uploads\/2021\/12\/velas-sombra-02-768x1024.jpg 768w, https:\/\/tendalsjborras.com\/wp-content\/uploads\/2021\/12\/velas-sombra-02-225x300.jpg 225w, https:\/\/tendalsjborras.com\/wp-content\/uploads\/2021\/12\/velas-sombra-02-1152x1536.jpg 1152w, https:\/\/tendalsjborras.com\/wp-content\/uploads\/2021\/12\/velas-sombra-02.jpg 1500w\" sizes=\"(max-width: 768px) 100vw, 768px\" \/>\t\t\t\t<\/a>\n\t\t\t\t\t\t\t<a href=\"#\" data-mfp-src=\"https:\/\/tendalsjborras.com\/wp-content\/uploads\/2021\/12\/velas-sombra-03-1024x768.jpg\" class=\"ha-justified-grid__item ha-js-lightbox __fltr-1\" title=\"Voile d&#039;Ombre\">\n\t\t\t\t\t<img loading=\"lazy\" decoding=\"async\" width=\"768\" height=\"576\" src=\"https:\/\/tendalsjborras.com\/wp-content\/uploads\/2021\/12\/velas-sombra-03-768x576.jpg\" class=\"elementor-animation-grow\" alt=\"d&#039;Ombre\" srcset=\"https:\/\/tendalsjborras.com\/wp-content\/uploads\/2021\/12\/velas-sombra-03-768x576.jpg 768w, https:\/\/tendalsjborras.com\/wp-content\/uploads\/2021\/12\/velas-sombra-03-300x225.jpg 300w, https:\/\/tendalsjborras.com\/wp-content\/uploads\/2021\/12\/velas-sombra-03-1024x768.jpg 1024w, https:\/\/tendalsjborras.com\/wp-content\/uploads\/2021\/12\/velas-sombra-03-1536x1152.jpg 1536w, https:\/\/tendalsjborras.com\/wp-content\/uploads\/2021\/12\/velas-sombra-03.jpg 2000w\" sizes=\"(max-width: 768px) 100vw, 768px\" \/>\t\t\t\t<\/a>\n\t\t\t\t\t\t\t<a href=\"#\" data-mfp-src=\"https:\/\/tendalsjborras.com\/wp-content\/uploads\/2022\/02\/velas-sombra-04-1024x724.jpg\" class=\"ha-justified-grid__item ha-js-lightbox __fltr-1\" title=\"Voile d&#039;Ombre\">\n\t\t\t\t\t<img loading=\"lazy\" decoding=\"async\" width=\"768\" height=\"543\" src=\"https:\/\/tendalsjborras.com\/wp-content\/uploads\/2022\/02\/velas-sombra-04-768x543.jpg\" class=\"elementor-animation-grow\" alt=\"d&#039;Ombre\" srcset=\"https:\/\/tendalsjborras.com\/wp-content\/uploads\/2022\/02\/velas-sombra-04-768x543.jpg 768w, https:\/\/tendalsjborras.com\/wp-content\/uploads\/2022\/02\/velas-sombra-04-300x212.jpg 300w, https:\/\/tendalsjborras.com\/wp-content\/uploads\/2022\/02\/velas-sombra-04-1024x724.jpg 1024w, https:\/\/tendalsjborras.com\/wp-content\/uploads\/2022\/02\/velas-sombra-04.jpg 1200w\" sizes=\"(max-width: 768px) 100vw, 768px\" \/>\t\t\t\t<\/a>\n\t\t\t\t\t<\/div>\n\n\t\t\t\t\t\t<\/div>\n\t\t\t\t<\/div>\n\t\t\t\t\t<\/div>\n\t\t<\/div>\n\t\t\t\t\t<\/div>\n\t\t<\/section>\n\t\t\t\t<\/div>\n\t\t","protected":false},"excerpt":{"rendered":"<p>VOILES VOILES DE PROTECTION SOLAIRE Protection solaire et design pour couvrir vos espaces. Forte r\u00e9sistance aux intemp\u00e9ries. Id\u00e9al dans les h\u00f4tels, les \u00e9coles, les maternelles, parcs, etc. VOILE D\u2019OMBRE Elles sont une solution parfaite pour cr\u00e9er une ambiance contemporaine et originale. Voile architectural, forme libre sur mesure.<\/p>\n","protected":false},"author":1,"featured_media":0,"parent":444,"menu_order":0,"comment_status":"closed","ping_status":"closed","template":"","meta":{"_uf_show_specific_survey":0,"_uf_disable_surveys":false,"site-sidebar-layout":"no-sidebar","site-content-layout":"page-builder","ast-site-content-layout":"default","site-content-style":"default","site-sidebar-style":"default","ast-global-header-display":"","ast-banner-title-visibility":"","ast-main-header-display":"","ast-hfb-above-header-display":"","ast-hfb-below-header-display":"","ast-hfb-mobile-header-display":"","site-post-title":"disabled","ast-breadcrumbs-content":"","ast-featured-img":"disabled","footer-sml-layout":"","ast-disable-related-posts":"","theme-transparent-header-meta":"","adv-header-id-meta":"","stick-header-meta":"","header-above-stick-meta":"","header-main-stick-meta":"","header-below-stick-meta":"","astra-migrate-meta-layouts":"default","ast-page-background-enabled":"default","ast-page-background-meta":{"desktop":{"background-color":"","background-image":"","background-repeat":"repeat","background-position":"center center","background-size":"auto","background-attachment":"scroll","background-type":"","background-media":"","overlay-type":"","overlay-color":"","overlay-opacity":"","overlay-gradient":""},"tablet":{"background-color":"","background-image":"","background-repeat":"repeat","background-position":"center center","background-size":"auto","background-attachment":"scroll","background-type":"","background-media":"","overlay-type":"","overlay-color":"","overlay-opacity":"","overlay-gradient":""},"mobile":{"background-color":"","background-image":"","background-repeat":"repeat","background-position":"center center","background-size":"auto","background-attachment":"scroll","background-type":"","background-media":"","overlay-type":"","overlay-color":"","overlay-opacity":"","overlay-gradient":""}},"ast-content-background-meta":{"desktop":{"background-color":"var(--ast-global-color-5)","background-image":"","background-repeat":"repeat","background-position":"center center","background-size":"auto","background-attachment":"scroll","background-type":"","background-media":"","overlay-type":"","overlay-color":"","overlay-opacity":"","overlay-gradient":""},"tablet":{"background-color":"var(--ast-global-color-5)","background-image":"","background-repeat":"repeat","background-position":"center center","background-size":"auto","background-attachment":"scroll","background-type":"","background-media":"","overlay-type":"","overlay-color":"","overlay-opacity":"","overlay-gradient":""},"mobile":{"background-color":"var(--ast-global-color-5)","background-image":"","background-repeat":"repeat","background-position":"center center","background-size":"auto","background-attachment":"scroll","background-type":"","background-media":"","overlay-type":"","overlay-color":"","overlay-opacity":"","overlay-gradient":""}},"footnotes":""},"class_list":["post-453","page","type-page","status-publish","hentry"],"yoast_head":"<!-- This site is optimized with the Yoast SEO plugin v27.2 - https:\/\/yoast.com\/product\/yoast-seo-wordpress\/ -->\n<title>Voiles - Tendals J.Borras<\/title>\n<meta name=\"description\" content=\"Voiles de protection solaire et voile d\u2019ombre. Protection solaire et design pour couvrir vos espaces. Forte r\u00e9sistance aux intemp\u00e9ries. Id\u00e9al dans les h\u00f4tels, les \u00e9coles, les maternelles, parcs, etc.\" \/>\n<meta name=\"robots\" content=\"index, follow, max-snippet:-1, max-image-preview:large, max-video-preview:-1\" \/>\n<link rel=\"canonical\" href=\"https:\/\/tendalsjborras.com\/fr\/produits\/voiles\/\" \/>\n<meta property=\"og:locale\" content=\"fr_FR\" \/>\n<meta property=\"og:type\" content=\"article\" \/>\n<meta property=\"og:title\" content=\"Voiles - Tendals J.Borras\" \/>\n<meta property=\"og:description\" content=\"Voiles de protection solaire et voile d\u2019ombre. Protection solaire et design pour couvrir vos espaces. Forte r\u00e9sistance aux intemp\u00e9ries. Id\u00e9al dans les h\u00f4tels, les \u00e9coles, les maternelles, parcs, etc.\" \/>\n<meta property=\"og:url\" content=\"https:\/\/tendalsjborras.com\/fr\/produits\/voiles\/\" \/>\n<meta property=\"og:site_name\" content=\"Tendals J.Borras\" \/>\n<meta property=\"article:publisher\" content=\"https:\/\/www.facebook.com\/TendalsJBorras\/\" \/>\n<meta property=\"article:modified_time\" content=\"2022-04-25T06:41:36+00:00\" \/>\n<meta property=\"og:image\" content=\"https:\/\/tendalsjborras.com\/wp-content\/uploads\/2021\/12\/velas-tensoestatica-01-768x510.jpg\" \/>\n<meta name=\"twitter:card\" content=\"summary_large_image\" \/>\n<meta name=\"twitter:label1\" content=\"Dur\u00e9e de lecture estim\u00e9e\" \/>\n\t<meta name=\"twitter:data1\" content=\"2 minutes\" \/>\n<script type=\"application\/ld+json\" class=\"yoast-schema-graph\">{\"@context\":\"https:\/\/schema.org\",\"@graph\":[{\"@type\":\"WebPage\",\"@id\":\"https:\/\/tendalsjborras.com\/fr\/produits\/voiles\/\",\"url\":\"https:\/\/tendalsjborras.com\/fr\/produits\/voiles\/\",\"name\":\"Voiles - Tendals J.Borras\",\"isPartOf\":{\"@id\":\"https:\/\/tendalsjborras.com\/fr\/#website\"},\"primaryImageOfPage\":{\"@id\":\"https:\/\/tendalsjborras.com\/fr\/produits\/voiles\/#primaryimage\"},\"image\":{\"@id\":\"https:\/\/tendalsjborras.com\/fr\/produits\/voiles\/#primaryimage\"},\"thumbnailUrl\":\"https:\/\/tendalsjborras.com\/wp-content\/uploads\/2021\/12\/velas-tensoestatica-01-768x510.jpg\",\"datePublished\":\"2022-04-24T07:00:43+00:00\",\"dateModified\":\"2022-04-25T06:41:36+00:00\",\"description\":\"Voiles de protection solaire et voile d\u2019ombre. Protection solaire et design pour couvrir vos espaces. Forte r\u00e9sistance aux intemp\u00e9ries. Id\u00e9al dans les h\u00f4tels, les \u00e9coles, les maternelles, parcs, etc.\",\"breadcrumb\":{\"@id\":\"https:\/\/tendalsjborras.com\/fr\/produits\/voiles\/#breadcrumb\"},\"inLanguage\":\"fr-FR\",\"potentialAction\":[{\"@type\":\"ReadAction\",\"target\":[\"https:\/\/tendalsjborras.com\/fr\/produits\/voiles\/\"]}]},{\"@type\":\"ImageObject\",\"inLanguage\":\"fr-FR\",\"@id\":\"https:\/\/tendalsjborras.com\/fr\/produits\/voiles\/#primaryimage\",\"url\":\"https:\/\/tendalsjborras.com\/wp-content\/uploads\/2021\/12\/velas-tensoestatica-01-768x510.jpg\",\"contentUrl\":\"https:\/\/tendalsjborras.com\/wp-content\/uploads\/2021\/12\/velas-tensoestatica-01-768x510.jpg\"},{\"@type\":\"BreadcrumbList\",\"@id\":\"https:\/\/tendalsjborras.com\/fr\/produits\/voiles\/#breadcrumb\",\"itemListElement\":[{\"@type\":\"ListItem\",\"position\":1,\"name\":\"Portada\",\"item\":\"https:\/\/tendalsjborras.com\/fr\/\"},{\"@type\":\"ListItem\",\"position\":2,\"name\":\"Produits\",\"item\":\"https:\/\/tendalsjborras.com\/fr\/produits\/\"},{\"@type\":\"ListItem\",\"position\":3,\"name\":\"Voiles\"}]},{\"@type\":\"WebSite\",\"@id\":\"https:\/\/tendalsjborras.com\/fr\/#website\",\"url\":\"https:\/\/tendalsjborras.com\/fr\/\",\"name\":\"Tendals J.Borras\",\"description\":\"Stores, pergolas et voiles \u00e0 Tarragone\",\"publisher\":{\"@id\":\"https:\/\/tendalsjborras.com\/fr\/#organization\"},\"potentialAction\":[{\"@type\":\"SearchAction\",\"target\":{\"@type\":\"EntryPoint\",\"urlTemplate\":\"https:\/\/tendalsjborras.com\/fr\/?s={search_term_string}\"},\"query-input\":{\"@type\":\"PropertyValueSpecification\",\"valueRequired\":true,\"valueName\":\"search_term_string\"}}],\"inLanguage\":\"fr-FR\"},{\"@type\":\"Organization\",\"@id\":\"https:\/\/tendalsjborras.com\/fr\/#organization\",\"name\":\"Tendals J.Borras\",\"url\":\"https:\/\/tendalsjborras.com\/fr\/\",\"logo\":{\"@type\":\"ImageObject\",\"inLanguage\":\"fr-FR\",\"@id\":\"https:\/\/tendalsjborras.com\/fr\/#\/schema\/logo\/image\/\",\"url\":\"https:\/\/tendalsjborras.com\/wp-content\/uploads\/2021\/12\/logo-tendalsjborras.png\",\"contentUrl\":\"https:\/\/tendalsjborras.com\/wp-content\/uploads\/2021\/12\/logo-tendalsjborras.png\",\"width\":422,\"height\":230,\"caption\":\"Tendals J.Borras\"},\"image\":{\"@id\":\"https:\/\/tendalsjborras.com\/fr\/#\/schema\/logo\/image\/\"},\"sameAs\":[\"https:\/\/www.facebook.com\/TendalsJBorras\/\",\"https:\/\/www.instagram.com\/tendalsjborras\/\"]}]}<\/script>\n<!-- \/ Yoast SEO plugin. -->","yoast_head_json":{"title":"Voiles - Tendals J.Borras","description":"Voiles de protection solaire et voile d\u2019ombre. Protection solaire et design pour couvrir vos espaces. Forte r\u00e9sistance aux intemp\u00e9ries. Id\u00e9al dans les h\u00f4tels, les \u00e9coles, les maternelles, parcs, etc.","robots":{"index":"index","follow":"follow","max-snippet":"max-snippet:-1","max-image-preview":"max-image-preview:large","max-video-preview":"max-video-preview:-1"},"canonical":"https:\/\/tendalsjborras.com\/fr\/produits\/voiles\/","og_locale":"fr_FR","og_type":"article","og_title":"Voiles - Tendals J.Borras","og_description":"Voiles de protection solaire et voile d\u2019ombre. Protection solaire et design pour couvrir vos espaces. Forte r\u00e9sistance aux intemp\u00e9ries. Id\u00e9al dans les h\u00f4tels, les \u00e9coles, les maternelles, parcs, etc.","og_url":"https:\/\/tendalsjborras.com\/fr\/produits\/voiles\/","og_site_name":"Tendals J.Borras","article_publisher":"https:\/\/www.facebook.com\/TendalsJBorras\/","article_modified_time":"2022-04-25T06:41:36+00:00","og_image":[{"url":"https:\/\/tendalsjborras.com\/wp-content\/uploads\/2021\/12\/velas-tensoestatica-01-768x510.jpg","type":"","width":"","height":""}],"twitter_card":"summary_large_image","twitter_misc":{"Dur\u00e9e de lecture estim\u00e9e":"2 minutes"},"schema":{"@context":"https:\/\/schema.org","@graph":[{"@type":"WebPage","@id":"https:\/\/tendalsjborras.com\/fr\/produits\/voiles\/","url":"https:\/\/tendalsjborras.com\/fr\/produits\/voiles\/","name":"Voiles - Tendals J.Borras","isPartOf":{"@id":"https:\/\/tendalsjborras.com\/fr\/#website"},"primaryImageOfPage":{"@id":"https:\/\/tendalsjborras.com\/fr\/produits\/voiles\/#primaryimage"},"image":{"@id":"https:\/\/tendalsjborras.com\/fr\/produits\/voiles\/#primaryimage"},"thumbnailUrl":"https:\/\/tendalsjborras.com\/wp-content\/uploads\/2021\/12\/velas-tensoestatica-01-768x510.jpg","datePublished":"2022-04-24T07:00:43+00:00","dateModified":"2022-04-25T06:41:36+00:00","description":"Voiles de protection solaire et voile d\u2019ombre. Protection solaire et design pour couvrir vos espaces. Forte r\u00e9sistance aux intemp\u00e9ries. Id\u00e9al dans les h\u00f4tels, les \u00e9coles, les maternelles, parcs, etc.","breadcrumb":{"@id":"https:\/\/tendalsjborras.com\/fr\/produits\/voiles\/#breadcrumb"},"inLanguage":"fr-FR","potentialAction":[{"@type":"ReadAction","target":["https:\/\/tendalsjborras.com\/fr\/produits\/voiles\/"]}]},{"@type":"ImageObject","inLanguage":"fr-FR","@id":"https:\/\/tendalsjborras.com\/fr\/produits\/voiles\/#primaryimage","url":"https:\/\/tendalsjborras.com\/wp-content\/uploads\/2021\/12\/velas-tensoestatica-01-768x510.jpg","contentUrl":"https:\/\/tendalsjborras.com\/wp-content\/uploads\/2021\/12\/velas-tensoestatica-01-768x510.jpg"},{"@type":"BreadcrumbList","@id":"https:\/\/tendalsjborras.com\/fr\/produits\/voiles\/#breadcrumb","itemListElement":[{"@type":"ListItem","position":1,"name":"Portada","item":"https:\/\/tendalsjborras.com\/fr\/"},{"@type":"ListItem","position":2,"name":"Produits","item":"https:\/\/tendalsjborras.com\/fr\/produits\/"},{"@type":"ListItem","position":3,"name":"Voiles"}]},{"@type":"WebSite","@id":"https:\/\/tendalsjborras.com\/fr\/#website","url":"https:\/\/tendalsjborras.com\/fr\/","name":"Tendals J.Borras","description":"Stores, pergolas et voiles \u00e0 Tarragone","publisher":{"@id":"https:\/\/tendalsjborras.com\/fr\/#organization"},"potentialAction":[{"@type":"SearchAction","target":{"@type":"EntryPoint","urlTemplate":"https:\/\/tendalsjborras.com\/fr\/?s={search_term_string}"},"query-input":{"@type":"PropertyValueSpecification","valueRequired":true,"valueName":"search_term_string"}}],"inLanguage":"fr-FR"},{"@type":"Organization","@id":"https:\/\/tendalsjborras.com\/fr\/#organization","name":"Tendals J.Borras","url":"https:\/\/tendalsjborras.com\/fr\/","logo":{"@type":"ImageObject","inLanguage":"fr-FR","@id":"https:\/\/tendalsjborras.com\/fr\/#\/schema\/logo\/image\/","url":"https:\/\/tendalsjborras.com\/wp-content\/uploads\/2021\/12\/logo-tendalsjborras.png","contentUrl":"https:\/\/tendalsjborras.com\/wp-content\/uploads\/2021\/12\/logo-tendalsjborras.png","width":422,"height":230,"caption":"Tendals J.Borras"},"image":{"@id":"https:\/\/tendalsjborras.com\/fr\/#\/schema\/logo\/image\/"},"sameAs":["https:\/\/www.facebook.com\/TendalsJBorras\/","https:\/\/www.instagram.com\/tendalsjborras\/"]}]}},"_links":{"self":[{"href":"https:\/\/tendalsjborras.com\/fr\/wp-json\/wp\/v2\/pages\/453","targetHints":{"allow":["GET"]}}],"collection":[{"href":"https:\/\/tendalsjborras.com\/fr\/wp-json\/wp\/v2\/pages"}],"about":[{"href":"https:\/\/tendalsjborras.com\/fr\/wp-json\/wp\/v2\/types\/page"}],"author":[{"embeddable":true,"href":"https:\/\/tendalsjborras.com\/fr\/wp-json\/wp\/v2\/users\/1"}],"replies":[{"embeddable":true,"href":"https:\/\/tendalsjborras.com\/fr\/wp-json\/wp\/v2\/comments?post=453"}],"version-history":[{"count":4,"href":"https:\/\/tendalsjborras.com\/fr\/wp-json\/wp\/v2\/pages\/453\/revisions"}],"predecessor-version":[{"id":688,"href":"https:\/\/tendalsjborras.com\/fr\/wp-json\/wp\/v2\/pages\/453\/revisions\/688"}],"up":[{"embeddable":true,"href":"https:\/\/tendalsjborras.com\/fr\/wp-json\/wp\/v2\/pages\/444"}],"wp:attachment":[{"href":"https:\/\/tendalsjborras.com\/fr\/wp-json\/wp\/v2\/media?parent=453"}],"curies":[{"name":"wp","href":"https:\/\/api.w.org\/{rel}","templated":true}]}}